{"id":686,"date":"2020-02-20T12:15:49","date_gmt":"2020-02-20T12:15:49","guid":{"rendered":"https:\/\/philiboul.fr\/?page_id=686"},"modified":"2020-04-02T08:49:06","modified_gmt":"2020-04-02T08:49:06","slug":"axa-cs","status":"publish","type":"page","link":"https:\/\/philiboul.fr\/index.php\/axa-cs\/","title":{"rendered":"# AXA CS"},"content":{"rendered":"<p>[et_pb_section fb_built=\u00a0\u00bb1&Prime; specialty=\u00a0\u00bbon\u00a0\u00bb padding_top_bottom_link_1=\u00a0\u00bbfalse\u00a0\u00bb padding_top_bottom_link_2=\u00a0\u00bbfalse\u00a0\u00bb padding_left_right_link_1=\u00a0\u00bbfalse\u00a0\u00bb padding_left_right_link_2=\u00a0\u00bbfalse\u00a0\u00bb padding_top_2=\u00a0\u00bb0px\u00a0\u00bb _builder_version=\u00a0\u00bb4.3.4&Prime; custom_padding=\u00a0\u00bb||||false|false\u00a0\u00bb da_is_popup=\u00a0\u00bboff\u00a0\u00bb da_exit_intent=\u00a0\u00bboff\u00a0\u00bb da_has_close=\u00a0\u00bbon\u00a0\u00bb da_alt_close=\u00a0\u00bboff\u00a0\u00bb da_dark_close=\u00a0\u00bboff\u00a0\u00bb da_not_modal=\u00a0\u00bbon\u00a0\u00bb da_is_singular=\u00a0\u00bboff\u00a0\u00bb da_has_shadow=\u00a0\u00bbon\u00a0\u00bb da_disable_devices=\u00a0\u00bboff|off|off\u00a0\u00bb][et_pb_column type=\u00a0\u00bb1_2&Prime; _builder_version=\u00a0\u00bb3.25&Prime; custom_padding=\u00a0\u00bb|||\u00a0\u00bb custom_padding__hover=\u00a0\u00bb|||\u00a0\u00bb][et_pb_text _builder_version=\u00a0\u00bb4.3.4&Prime; text_text_color=\u00a0\u00bb#000000&Prime; header_font_size=\u00a0\u00bb61px\u00a0\u00bb]<\/p>\n<h1><img loading=\"lazy\" decoding=\"async\" src=\"https:\/\/philiboul.fr\/wp-content\/uploads\/2020\/02\/AXA-CAS-carre-web-300x300.jpg\" alt=\"\" class=\"wp-image-288 alignnone size-medium\" width=\"213\" height=\"213\" \/><\/h1>\n<h1><span style=\"color: #000000;\">AXA CS<\/span><\/h1>\n<p>[\/et_pb_text][et_pb_divider color=\u00a0\u00bb#000000&Prime; divider_weight=\u00a0\u00bb4px\u00a0\u00bb _builder_version=\u00a0\u00bb4.3.4&Prime;][\/et_pb_divider][et_pb_text _builder_version=\u00a0\u00bb4.3.2&Prime; text_font=\u00a0\u00bbArial|800||on|||||\u00a0\u00bb text_text_color=\u00a0\u00bb#000000&Prime; text_font_size=\u00a0\u00bb47px\u00a0\u00bb text_line_height=\u00a0\u00bb1em\u00a0\u00bb header_font_size=\u00a0\u00bb26px\u00a0\u00bb width=\u00a0\u00bb100%\u00a0\u00bb min_height=\u00a0\u00bb100px\u00a0\u00bb custom_margin=\u00a0\u00bb||||false|false\u00a0\u00bb text_font_size_tablet=\u00a0\u00bb\u00a0\u00bb text_font_size_phone=\u00a0\u00bb28px\u00a0\u00bb text_font_size_last_edited=\u00a0\u00bbon|phone\u00a0\u00bb]<\/p>\n<p>lancement de la nouvelle culture d&rsquo;entreprise<\/p>\n<p>[\/et_pb_text][et_pb_text _builder_version=\u00a0\u00bb4.3.4&Prime; text_font=\u00a0\u00bbActor||||||||\u00a0\u00bb text_text_color=\u00a0\u00bb#c80637&Prime; text_font_size=\u00a0\u00bb27px\u00a0\u00bb text_font_size_tablet=\u00a0\u00bb\u00a0\u00bb text_font_size_phone=\u00a0\u00bb18px\u00a0\u00bb text_font_size_last_edited=\u00a0\u00bbon|phone\u00a0\u00bb]<\/p>\n<p>Ev\u00e9nement &#8211; 600 collaborateurs<\/p>\n<p>[\/et_pb_text][et_pb_divider color=\u00a0\u00bb#000000&Prime; _builder_version=\u00a0\u00bb4.3.4&Prime;][\/et_pb_divider][et_pb_text _builder_version=\u00a0\u00bb4.3.4&Prime; text_font=\u00a0\u00bbActor||||||||\u00a0\u00bb text_text_color=\u00a0\u00bb#000000&Prime; text_font_size=\u00a0\u00bb18px\u00a0\u00bb width=\u00a0\u00bb75%\u00a0\u00bb]<\/p>\n<h2><span style=\"color: #000000;\"><b>KEYWORKS<\/b><\/span><\/h2>\n<p><strong>Faire \u00e9merger<\/strong> de mani\u00e8re ludique et impactante leur nouvelle culture dite bleue. La rendre accessible et compr\u00e9hensible de tous. <strong>Remettre l\u2019humain au centre<\/strong> afin que chacun se sente plus investi et concern\u00e9 au travail.<\/p>\n<p>[\/et_pb_text][et_pb_text _builder_version=\u00a0\u00bb4.3.4&Prime; text_font=\u00a0\u00bbActor||||||||\u00a0\u00bb text_text_color=\u00a0\u00bb#000000&Prime; text_font_size=\u00a0\u00bb18px\u00a0\u00bb width=\u00a0\u00bb75%\u00a0\u00bb]<\/p>\n<h2><span style=\"color: #000000;\"><b>1 JOURN\u00c9E &#8211; 2 \u00c9V\u00c8NEMENTS<\/b><\/span><\/h2>\n<p><strong>Privatisation du centre Pompidou<\/strong>, d\u00e9cors aux couleurs de l\u2019entreprise. Une apr\u00e8s-midi team building enti\u00e8rement\u00a0 d\u00e9di\u00e9e aux collaborateurs sous le th\u00e8me du \u00ab\u00a0su\u00e9dage\u00a0\u00bb pour r\u00e9int\u00e9grer les 5 piliers de cette nouvelle culture. <strong>Une soir\u00e9e<\/strong> pour partager, souder la nouvelle vague bleue.<\/p>\n<p>[\/et_pb_text][et_pb_video src=\u00a0\u00bbhttps:\/\/philiboul.fr\/wp-content\/uploads\/2020\/02\/Making_Off.mp4&Prime; image_src=\u00a0\u00bbhttps:\/\/philiboul.fr\/wp-content\/uploads\/2020\/02\/AXA-culture-entreprise-philiboul-web-5.jpg\u00a0\u00bb thumbnail_overlay_color=\u00a0\u00bbrgba(0,0,0,0.6)\u00a0\u00bb _builder_version=\u00a0\u00bb4.3.2&Prime;][\/et_pb_video][\/et_pb_column][et_pb_column type=\u00a0\u00bb1_2&Prime; specialty_columns=\u00a0\u00bb2&Prime; _builder_version=\u00a0\u00bb3.25&Prime; custom_padding=\u00a0\u00bb|||\u00a0\u00bb custom_padding__hover=\u00a0\u00bb|||\u00a0\u00bb][et_pb_row_inner _builder_version=\u00a0\u00bb4.2.2&Prime;][et_pb_column_inner saved_specialty_column_type=\u00a0\u00bb1_2&Prime; _builder_version=\u00a0\u00bb4.2.2&Prime;][et_pb_image src=\u00a0\u00bbhttps:\/\/philiboul.fr\/wp-content\/uploads\/2020\/02\/fleche-rouge-bas.jpg\u00a0\u00bb _builder_version=\u00a0\u00bb4.3.4&Prime; width=\u00a0\u00bb17%\u00a0\u00bb][\/et_pb_image][\/et_pb_column_inner][\/et_pb_row_inner][et_pb_row_inner use_custom_gutter=\u00a0\u00bbon\u00a0\u00bb gutter_width=\u00a0\u00bb1&Prime; _builder_version=\u00a0\u00bb4.3.4&Prime;][et_pb_column_inner saved_specialty_column_type=\u00a0\u00bb1_2&Prime; _builder_version=\u00a0\u00bb4.2.2&Prime;][et_pb_image src=\u00a0\u00bbhttps:\/\/philiboul.fr\/wp-content\/uploads\/2020\/02\/AXA-culture-entreprise-philiboul-web-4.jpg\u00a0\u00bb show_in_lightbox=\u00a0\u00bbon\u00a0\u00bb _builder_version=\u00a0\u00bb4.3.4&Prime; box_shadow_style=\u00a0\u00bbpreset1&Prime;][\/et_pb_image][et_pb_image src=\u00a0\u00bbhttps:\/\/philiboul.fr\/wp-content\/uploads\/2020\/02\/AXA-culture-entreprise-philiboul-web-2.jpg\u00a0\u00bb _builder_version=\u00a0\u00bb4.3.2&Prime;][\/et_pb_image][et_pb_image src=\u00a0\u00bbhttps:\/\/philiboul.fr\/wp-content\/uploads\/2020\/02\/AXA-culture-entreprise-philiboul-web-1.jpg\u00a0\u00bb _builder_version=\u00a0\u00bb4.3.4&Prime;][\/et_pb_image][et_pb_image src=\u00a0\u00bbhttps:\/\/philiboul.fr\/wp-content\/uploads\/2020\/02\/AXA-culture-entreprise-philiboul-web-3.jpg\u00a0\u00bb _builder_version=\u00a0\u00bb4.3.4&Prime;][\/et_pb_image][\/et_pb_column_inner][\/et_pb_row_inner][\/et_pb_column][\/et_pb_section]<\/p>\n","protected":false},"excerpt":{"rendered":"<p>AXA CSlancement de la nouvelle culture d&rsquo;entrepriseEv\u00e9nement &#8211; 600 collaborateursKEYWORKS Faire \u00e9merger de mani\u00e8re ludique et impactante leur nouvelle culture dite bleue. La rendre accessible et compr\u00e9hensible de tous. Remettre l\u2019humain au centre afin que chacun se sente plus investi et concern\u00e9 au travail.1 JOURN\u00c9E &#8211; 2 \u00c9V\u00c8NEMENTS Privatisation du centre Pompidou, d\u00e9cors aux couleurs [&hellip;]<\/p>\n","protected":false},"author":2,"featured_media":0,"parent":0,"menu_order":0,"comment_status":"closed","ping_status":"closed","template":"","meta":{"_et_pb_use_builder":"on","_et_pb_old_content":"","_et_gb_content_width":"","footnotes":""},"class_list":["post-686","page","type-page","status-publish","hentry"],"yoast_head":"<!-- This site is optimized with the Yoast SEO plugin v27.6 - https:\/\/yoast.com\/product\/yoast-seo-wordpress\/ -->\n<title># AXA CS - Philiboul<\/title>\n<meta name=\"robots\" content=\"index, follow, max-snippet:-1, max-image-preview:large, max-video-preview:-1\" \/>\n<link rel=\"canonical\" href=\"https:\/\/philiboul.fr\/index.php\/axa-cs\/\" \/>\n<meta property=\"og:locale\" content=\"fr_FR\" \/>\n<meta property=\"og:type\" content=\"article\" \/>\n<meta property=\"og:title\" content=\"# AXA CS - Philiboul\" \/>\n<meta property=\"og:description\" content=\"AXA CSlancement de la nouvelle culture d&#039;entrepriseEv\u00e9nement - 600 collaborateursKEYWORKS Faire \u00e9merger de mani\u00e8re ludique et impactante leur nouvelle culture dite bleue. La rendre accessible et compr\u00e9hensible de tous. Remettre l\u2019humain au centre afin que chacun se sente plus investi et concern\u00e9 au travail.1 JOURN\u00c9E - 2 \u00c9V\u00c8NEMENTS Privatisation du centre Pompidou, d\u00e9cors aux couleurs [&hellip;]\" \/>\n<meta property=\"og:url\" content=\"https:\/\/philiboul.fr\/index.php\/axa-cs\/\" \/>\n<meta property=\"og:site_name\" content=\"Philiboul\" \/>\n<meta property=\"article:modified_time\" content=\"2020-04-02T08:49:06+00:00\" \/>\n<meta property=\"og:image\" content=\"https:\/\/philiboul.fr\/wp-content\/uploads\/2020\/02\/AXA-CAS-carre-web-300x300.jpg\" \/>\n<meta name=\"twitter:card\" content=\"summary_large_image\" \/>\n<meta name=\"twitter:label1\" content=\"Dur\u00e9e de lecture estim\u00e9e\" \/>\n\t<meta name=\"twitter:data1\" content=\"3 minutes\" \/>\n<script type=\"application\/ld+json\" class=\"yoast-schema-graph\">{\"@context\":\"https:\\\/\\\/schema.org\",\"@graph\":[{\"@type\":\"WebPage\",\"@id\":\"https:\\\/\\\/philiboul.fr\\\/index.php\\\/axa-cs\\\/\",\"url\":\"https:\\\/\\\/philiboul.fr\\\/index.php\\\/axa-cs\\\/\",\"name\":\"# AXA CS - Philiboul\",\"isPartOf\":{\"@id\":\"https:\\\/\\\/philiboul.fr\\\/#website\"},\"primaryImageOfPage\":{\"@id\":\"https:\\\/\\\/philiboul.fr\\\/index.php\\\/axa-cs\\\/#primaryimage\"},\"image\":{\"@id\":\"https:\\\/\\\/philiboul.fr\\\/index.php\\\/axa-cs\\\/#primaryimage\"},\"thumbnailUrl\":\"https:\\\/\\\/philiboul.fr\\\/wp-content\\\/uploads\\\/2020\\\/02\\\/AXA-CAS-carre-web-300x300.jpg\",\"datePublished\":\"2020-02-20T12:15:49+00:00\",\"dateModified\":\"2020-04-02T08:49:06+00:00\",\"breadcrumb\":{\"@id\":\"https:\\\/\\\/philiboul.fr\\\/index.php\\\/axa-cs\\\/#breadcrumb\"},\"inLanguage\":\"fr-FR\",\"potentialAction\":[{\"@type\":\"ReadAction\",\"target\":[\"https:\\\/\\\/philiboul.fr\\\/index.php\\\/axa-cs\\\/\"]}]},{\"@type\":\"ImageObject\",\"inLanguage\":\"fr-FR\",\"@id\":\"https:\\\/\\\/philiboul.fr\\\/index.php\\\/axa-cs\\\/#primaryimage\",\"url\":\"https:\\\/\\\/philiboul.fr\\\/wp-content\\\/uploads\\\/2020\\\/02\\\/AXA-CAS-carre-web.jpg\",\"contentUrl\":\"https:\\\/\\\/philiboul.fr\\\/wp-content\\\/uploads\\\/2020\\\/02\\\/AXA-CAS-carre-web.jpg\",\"width\":595,\"height\":595},{\"@type\":\"BreadcrumbList\",\"@id\":\"https:\\\/\\\/philiboul.fr\\\/index.php\\\/axa-cs\\\/#breadcrumb\",\"itemListElement\":[{\"@type\":\"ListItem\",\"position\":1,\"name\":\"Home\",\"item\":\"https:\\\/\\\/philiboul.fr\\\/\"},{\"@type\":\"ListItem\",\"position\":2,\"name\":\"# AXA CS\"}]},{\"@type\":\"WebSite\",\"@id\":\"https:\\\/\\\/philiboul.fr\\\/#website\",\"url\":\"https:\\\/\\\/philiboul.fr\\\/\",\"name\":\"Philiboul\",\"description\":\"L&#039;agence qui ne perd pas la boule\",\"potentialAction\":[{\"@type\":\"SearchAction\",\"target\":{\"@type\":\"EntryPoint\",\"urlTemplate\":\"https:\\\/\\\/philiboul.fr\\\/?s={search_term_string}\"},\"query-input\":{\"@type\":\"PropertyValueSpecification\",\"valueRequired\":true,\"valueName\":\"search_term_string\"}}],\"inLanguage\":\"fr-FR\"}]}<\/script>\n<!-- \/ Yoast SEO plugin. -->","yoast_head_json":{"title":"# AXA CS - Philiboul","robots":{"index":"index","follow":"follow","max-snippet":"max-snippet:-1","max-image-preview":"max-image-preview:large","max-video-preview":"max-video-preview:-1"},"canonical":"https:\/\/philiboul.fr\/index.php\/axa-cs\/","og_locale":"fr_FR","og_type":"article","og_title":"# AXA CS - Philiboul","og_description":"AXA CSlancement de la nouvelle culture d'entrepriseEv\u00e9nement - 600 collaborateursKEYWORKS Faire \u00e9merger de mani\u00e8re ludique et impactante leur nouvelle culture dite bleue. La rendre accessible et compr\u00e9hensible de tous. Remettre l\u2019humain au centre afin que chacun se sente plus investi et concern\u00e9 au travail.1 JOURN\u00c9E - 2 \u00c9V\u00c8NEMENTS Privatisation du centre Pompidou, d\u00e9cors aux couleurs [&hellip;]","og_url":"https:\/\/philiboul.fr\/index.php\/axa-cs\/","og_site_name":"Philiboul","article_modified_time":"2020-04-02T08:49:06+00:00","og_image":[{"url":"https:\/\/philiboul.fr\/wp-content\/uploads\/2020\/02\/AXA-CAS-carre-web-300x300.jpg","type":"","width":"","height":""}],"twitter_card":"summary_large_image","twitter_misc":{"Dur\u00e9e de lecture estim\u00e9e":"3 minutes"},"schema":{"@context":"https:\/\/schema.org","@graph":[{"@type":"WebPage","@id":"https:\/\/philiboul.fr\/index.php\/axa-cs\/","url":"https:\/\/philiboul.fr\/index.php\/axa-cs\/","name":"# AXA CS - Philiboul","isPartOf":{"@id":"https:\/\/philiboul.fr\/#website"},"primaryImageOfPage":{"@id":"https:\/\/philiboul.fr\/index.php\/axa-cs\/#primaryimage"},"image":{"@id":"https:\/\/philiboul.fr\/index.php\/axa-cs\/#primaryimage"},"thumbnailUrl":"https:\/\/philiboul.fr\/wp-content\/uploads\/2020\/02\/AXA-CAS-carre-web-300x300.jpg","datePublished":"2020-02-20T12:15:49+00:00","dateModified":"2020-04-02T08:49:06+00:00","breadcrumb":{"@id":"https:\/\/philiboul.fr\/index.php\/axa-cs\/#breadcrumb"},"inLanguage":"fr-FR","potentialAction":[{"@type":"ReadAction","target":["https:\/\/philiboul.fr\/index.php\/axa-cs\/"]}]},{"@type":"ImageObject","inLanguage":"fr-FR","@id":"https:\/\/philiboul.fr\/index.php\/axa-cs\/#primaryimage","url":"https:\/\/philiboul.fr\/wp-content\/uploads\/2020\/02\/AXA-CAS-carre-web.jpg","contentUrl":"https:\/\/philiboul.fr\/wp-content\/uploads\/2020\/02\/AXA-CAS-carre-web.jpg","width":595,"height":595},{"@type":"BreadcrumbList","@id":"https:\/\/philiboul.fr\/index.php\/axa-cs\/#breadcrumb","itemListElement":[{"@type":"ListItem","position":1,"name":"Home","item":"https:\/\/philiboul.fr\/"},{"@type":"ListItem","position":2,"name":"# AXA CS"}]},{"@type":"WebSite","@id":"https:\/\/philiboul.fr\/#website","url":"https:\/\/philiboul.fr\/","name":"Philiboul","description":"L&#039;agence qui ne perd pas la boule","potentialAction":[{"@type":"SearchAction","target":{"@type":"EntryPoint","urlTemplate":"https:\/\/philiboul.fr\/?s={search_term_string}"},"query-input":{"@type":"PropertyValueSpecification","valueRequired":true,"valueName":"search_term_string"}}],"inLanguage":"fr-FR"}]}},"_links":{"self":[{"href":"https:\/\/philiboul.fr\/index.php\/wp-json\/wp\/v2\/pages\/686","targetHints":{"allow":["GET"]}}],"collection":[{"href":"https:\/\/philiboul.fr\/index.php\/wp-json\/wp\/v2\/pages"}],"about":[{"href":"https:\/\/philiboul.fr\/index.php\/wp-json\/wp\/v2\/types\/page"}],"author":[{"embeddable":true,"href":"https:\/\/philiboul.fr\/index.php\/wp-json\/wp\/v2\/users\/2"}],"replies":[{"embeddable":true,"href":"https:\/\/philiboul.fr\/index.php\/wp-json\/wp\/v2\/comments?post=686"}],"version-history":[{"count":15,"href":"https:\/\/philiboul.fr\/index.php\/wp-json\/wp\/v2\/pages\/686\/revisions"}],"predecessor-version":[{"id":1583,"href":"https:\/\/philiboul.fr\/index.php\/wp-json\/wp\/v2\/pages\/686\/revisions\/1583"}],"wp:attachment":[{"href":"https:\/\/philiboul.fr\/index.php\/wp-json\/wp\/v2\/media?parent=686"}],"curies":[{"name":"wp","href":"https:\/\/api.w.org\/{rel}","templated":true}]}}