{"id":690,"date":"2020-02-20T12:18:35","date_gmt":"2020-02-20T12:18:35","guid":{"rendered":"https:\/\/philiboul.fr\/?page_id=690"},"modified":"2020-03-09T16:02:11","modified_gmt":"2020-03-09T16:02:11","slug":"loreal-equity-gender","status":"publish","type":"page","link":"https:\/\/philiboul.fr\/index.php\/loreal-equity-gender\/","title":{"rendered":"# L&rsquo;OREAL Equity Gender"},"content":{"rendered":"<p>[et_pb_section fb_built=\u00a0\u00bb1&Prime; specialty=\u00a0\u00bbon\u00a0\u00bb padding_top_bottom_link_1=\u00a0\u00bbfalse\u00a0\u00bb padding_top_bottom_link_2=\u00a0\u00bbfalse\u00a0\u00bb padding_left_right_link_1=\u00a0\u00bbfalse\u00a0\u00bb padding_left_right_link_2=\u00a0\u00bbfalse\u00a0\u00bb padding_top_2=\u00a0\u00bb0px\u00a0\u00bb _builder_version=\u00a0\u00bb4.3.2&Prime; custom_padding=\u00a0\u00bb0px||||false|false\u00a0\u00bb][et_pb_column type=\u00a0\u00bb1_2&Prime; _builder_version=\u00a0\u00bb3.25&Prime; custom_padding=\u00a0\u00bb|||\u00a0\u00bb custom_padding__hover=\u00a0\u00bb|||\u00a0\u00bb][et_pb_text _builder_version=\u00a0\u00bb4.3.4&Prime; header_font_size=\u00a0\u00bb61px\u00a0\u00bb header_font_size_tablet=\u00a0\u00bb\u00a0\u00bb header_font_size_phone=\u00a0\u00bb58px\u00a0\u00bb header_font_size_last_edited=\u00a0\u00bbon|desktop\u00a0\u00bb]<\/p>\n<h1><img loading=\"lazy\" decoding=\"async\" src=\"https:\/\/philiboul.fr\/wp-content\/uploads\/2020\/02\/LOREAL-CAS-2-carre-300x300.jpg\" alt=\"\" class=\"wp-image-303 alignnone size-medium\" width=\"213\" height=\"213\" \/><\/h1>\n<h1>L&rsquo;OR\u00c9AL<\/h1>\n<p>[\/et_pb_text][et_pb_divider color=\u00a0\u00bb#000000&Prime; divider_weight=\u00a0\u00bb4px\u00a0\u00bb _builder_version=\u00a0\u00bb4.2.2&Prime;][\/et_pb_divider][et_pb_text _builder_version=\u00a0\u00bb4.3.2&Prime; text_font=\u00a0\u00bbArial|800||on|||||\u00a0\u00bb text_text_color=\u00a0\u00bb#000000&Prime; text_font_size=\u00a0\u00bb47px\u00a0\u00bb text_line_height=\u00a0\u00bb1em\u00a0\u00bb header_font_size=\u00a0\u00bb26px\u00a0\u00bb width=\u00a0\u00bb77%\u00a0\u00bb min_height=\u00a0\u00bb100px\u00a0\u00bb custom_margin=\u00a0\u00bb||||false|false\u00a0\u00bb text_font_size_tablet=\u00a0\u00bb\u00a0\u00bb text_font_size_phone=\u00a0\u00bb28px\u00a0\u00bb text_font_size_last_edited=\u00a0\u00bbon|phone\u00a0\u00bb]<\/p>\n<p>Mise en place du premier rapport \u00e9galitaire homme \/ femme<\/p>\n<p>[\/et_pb_text][et_pb_text _builder_version=\u00a0\u00bb4.3.2&Prime; text_font=\u00a0\u00bbActor||||||||\u00a0\u00bb text_text_color=\u00a0\u00bb#c80637&Prime; text_font_size=\u00a0\u00bb27px\u00a0\u00bb text_font_size_tablet=\u00a0\u00bb\u00a0\u00bb text_font_size_phone=\u00a0\u00bb18px\u00a0\u00bb text_font_size_last_edited=\u00a0\u00bbon|desktop\u00a0\u00bb]<\/p>\n<p>Equity Gender<\/p>\n<p>[\/et_pb_text][et_pb_divider color=\u00a0\u00bb#000000&Prime; _builder_version=\u00a0\u00bb4.3.4&Prime;][\/et_pb_divider][et_pb_text _builder_version=\u00a0\u00bb4.3.2&Prime; text_font=\u00a0\u00bbActor||||||||\u00a0\u00bb text_text_color=\u00a0\u00bb#000000&Prime; text_font_size=\u00a0\u00bb18px\u00a0\u00bb width=\u00a0\u00bb75%\u00a0\u00bb]<\/p>\n<h2><b>KEYWORKS<\/b><\/h2>\n<p><strong>Cr\u00e9ation d\u2019un visuel<\/strong> fort autour de l&rsquo;ADN du groupe l\u2019Or\u00e9al.<\/p>\n<p><strong>Strat\u00e9gie r\u00e9dactionnelle<\/strong> : Faire \u00e9merger les valeurs du groupe reconnu pour son exemplarit\u00e9 en faveur de l\u2019\u00e9galit\u00e9 professionnelle, int\u00e9grer la politique de diversit\u00e9, une valeur essentielle pour l\u2019Or\u00e9al, contributive de sa performance.<\/p>\n<p><strong>Accro\u00eetre<\/strong> l\u2019engagement des collaborateurs : Un groupe qui agit pour les hommes et les femmes qui le composent.<\/p>\n<p>[\/et_pb_text][et_pb_image src=\u00a0\u00bbhttps:\/\/philiboul.fr\/wp-content\/uploads\/2020\/02\/loreal-philiboul-web-4.jpg\u00a0\u00bb show_in_lightbox=\u00a0\u00bbon\u00a0\u00bb _builder_version=\u00a0\u00bb4.3.2&Prime; custom_padding=\u00a0\u00bb0px|||||\u00a0\u00bb box_shadow_style=\u00a0\u00bbpreset1&Prime;][\/et_pb_image][\/et_pb_column][et_pb_column type=\u00a0\u00bb1_2&Prime; specialty_columns=\u00a0\u00bb2&Prime; _builder_version=\u00a0\u00bb3.25&Prime; custom_padding=\u00a0\u00bb|||\u00a0\u00bb custom_padding__hover=\u00a0\u00bb|||\u00a0\u00bb][et_pb_row_inner _builder_version=\u00a0\u00bb4.2.2&Prime;][et_pb_column_inner saved_specialty_column_type=\u00a0\u00bb1_2&Prime; _builder_version=\u00a0\u00bb4.2.2&Prime;][et_pb_image src=\u00a0\u00bbhttps:\/\/philiboul.fr\/wp-content\/uploads\/2020\/02\/fleche-rouge-bas.jpg\u00a0\u00bb _builder_version=\u00a0\u00bb4.3.2&Prime; width=\u00a0\u00bb17%\u00a0\u00bb][\/et_pb_image][\/et_pb_column_inner][\/et_pb_row_inner][et_pb_row_inner _builder_version=\u00a0\u00bb4.3.4&Prime; hover_enabled=\u00a0\u00bb0&Prime;][et_pb_column_inner saved_specialty_column_type=\u00a0\u00bb1_2&Prime; _builder_version=\u00a0\u00bb4.2.2&Prime;][et_pb_image src=\u00a0\u00bbhttps:\/\/philiboul.fr\/wp-content\/uploads\/2020\/02\/loreal-philiboul-web-1.jpg\u00a0\u00bb show_in_lightbox=\u00a0\u00bbon\u00a0\u00bb _builder_version=\u00a0\u00bb4.3.2&Prime; box_shadow_style=\u00a0\u00bbpreset1&Prime;][\/et_pb_image][\/et_pb_column_inner][\/et_pb_row_inner][et_pb_row_inner use_custom_gutter=\u00a0\u00bbon\u00a0\u00bb make_equal=\u00a0\u00bbon\u00a0\u00bb _builder_version=\u00a0\u00bb4.3.4&Prime; width=\u00a0\u00bb100%\u00a0\u00bb custom_margin=\u00a0\u00bb42%||||false|false\u00a0\u00bb custom_margin_tablet=\u00a0\u00bb\u00a0\u00bb custom_margin_phone=\u00a0\u00bb0%||||false|false\u00a0\u00bb custom_margin_last_edited=\u00a0\u00bbon|phone\u00a0\u00bb custom_padding=\u00a0\u00bb||||false|false\u00a0\u00bb hover_enabled=\u00a0\u00bb0&Prime;][et_pb_column_inner saved_specialty_column_type=\u00a0\u00bb1_2&Prime; _builder_version=\u00a0\u00bb4.2.2&Prime;][et_pb_image src=\u00a0\u00bbhttps:\/\/philiboul.fr\/wp-content\/uploads\/2020\/02\/loreal-philiboul-web-2.jpg\u00a0\u00bb show_in_lightbox=\u00a0\u00bbon\u00a0\u00bb _builder_version=\u00a0\u00bb4.3.2&Prime; box_shadow_style=\u00a0\u00bbpreset1&Prime;][\/et_pb_image][et_pb_image src=\u00a0\u00bbhttps:\/\/philiboul.fr\/wp-content\/uploads\/2020\/02\/loreal-philiboul-web-3.jpg\u00a0\u00bb show_in_lightbox=\u00a0\u00bbon\u00a0\u00bb _builder_version=\u00a0\u00bb4.3.2&Prime; box_shadow_style=\u00a0\u00bbpreset1&Prime;][\/et_pb_image][et_pb_image src=\u00a0\u00bbhttps:\/\/philiboul.fr\/wp-content\/uploads\/2020\/02\/loreal-philiboul-web-5.jpg\u00a0\u00bb show_in_lightbox=\u00a0\u00bbon\u00a0\u00bb _builder_version=\u00a0\u00bb4.3.2&Prime; box_shadow_style=\u00a0\u00bbpreset1&Prime;][\/et_pb_image][\/et_pb_column_inner][\/et_pb_row_inner][\/et_pb_column][\/et_pb_section]<\/p>\n","protected":false},"excerpt":{"rendered":"<p>L&rsquo;OR\u00c9ALMise en place du premier rapport \u00e9galitaire homme \/ femmeEquity GenderKEYWORKS Cr\u00e9ation d\u2019un visuel fort autour de l&rsquo;ADN du groupe l\u2019Or\u00e9al. Strat\u00e9gie r\u00e9dactionnelle : Faire \u00e9merger les valeurs du groupe reconnu pour son exemplarit\u00e9 en faveur de l\u2019\u00e9galit\u00e9 professionnelle, int\u00e9grer la politique de diversit\u00e9, une valeur essentielle pour l\u2019Or\u00e9al, contributive de sa performance. Accro\u00eetre l\u2019engagement [&hellip;]<\/p>\n","protected":false},"author":2,"featured_media":0,"parent":0,"menu_order":0,"comment_status":"closed","ping_status":"closed","template":"","meta":{"_et_pb_use_builder":"on","_et_pb_old_content":"","_et_gb_content_width":"","footnotes":""},"class_list":["post-690","page","type-page","status-publish","hentry"],"yoast_head":"<!-- This site is optimized with the Yoast SEO plugin v27.6 - https:\/\/yoast.com\/product\/yoast-seo-wordpress\/ -->\n<title># L&#039;OREAL Equity Gender - Philiboul<\/title>\n<meta name=\"robots\" content=\"index, follow, max-snippet:-1, max-image-preview:large, max-video-preview:-1\" \/>\n<link rel=\"canonical\" href=\"https:\/\/philiboul.fr\/index.php\/loreal-equity-gender\/\" \/>\n<meta property=\"og:locale\" content=\"fr_FR\" \/>\n<meta property=\"og:type\" content=\"article\" \/>\n<meta property=\"og:title\" content=\"# L&#039;OREAL Equity Gender - Philiboul\" \/>\n<meta property=\"og:description\" content=\"L&#039;OR\u00c9ALMise en place du premier rapport \u00e9galitaire homme \/ femmeEquity GenderKEYWORKS Cr\u00e9ation d\u2019un visuel fort autour de l&#039;ADN du groupe l\u2019Or\u00e9al. Strat\u00e9gie r\u00e9dactionnelle : Faire \u00e9merger les valeurs du groupe reconnu pour son exemplarit\u00e9 en faveur de l\u2019\u00e9galit\u00e9 professionnelle, int\u00e9grer la politique de diversit\u00e9, une valeur essentielle pour l\u2019Or\u00e9al, contributive de sa performance. Accro\u00eetre l\u2019engagement [&hellip;]\" \/>\n<meta property=\"og:url\" content=\"https:\/\/philiboul.fr\/index.php\/loreal-equity-gender\/\" \/>\n<meta property=\"og:site_name\" content=\"Philiboul\" \/>\n<meta property=\"article:modified_time\" content=\"2020-03-09T16:02:11+00:00\" \/>\n<meta property=\"og:image\" content=\"https:\/\/philiboul.fr\/wp-content\/uploads\/2020\/02\/LOREAL-CAS-2-carre-300x300.jpg\" \/>\n<meta name=\"twitter:card\" content=\"summary_large_image\" \/>\n<meta name=\"twitter:label1\" content=\"Dur\u00e9e de lecture estim\u00e9e\" \/>\n\t<meta name=\"twitter:data1\" content=\"3 minutes\" \/>\n<script type=\"application\/ld+json\" class=\"yoast-schema-graph\">{\"@context\":\"https:\\\/\\\/schema.org\",\"@graph\":[{\"@type\":\"WebPage\",\"@id\":\"https:\\\/\\\/philiboul.fr\\\/index.php\\\/loreal-equity-gender\\\/\",\"url\":\"https:\\\/\\\/philiboul.fr\\\/index.php\\\/loreal-equity-gender\\\/\",\"name\":\"# L'OREAL Equity Gender - Philiboul\",\"isPartOf\":{\"@id\":\"https:\\\/\\\/philiboul.fr\\\/#website\"},\"primaryImageOfPage\":{\"@id\":\"https:\\\/\\\/philiboul.fr\\\/index.php\\\/loreal-equity-gender\\\/#primaryimage\"},\"image\":{\"@id\":\"https:\\\/\\\/philiboul.fr\\\/index.php\\\/loreal-equity-gender\\\/#primaryimage\"},\"thumbnailUrl\":\"https:\\\/\\\/philiboul.fr\\\/wp-content\\\/uploads\\\/2020\\\/02\\\/LOREAL-CAS-2-carre-300x300.jpg\",\"datePublished\":\"2020-02-20T12:18:35+00:00\",\"dateModified\":\"2020-03-09T16:02:11+00:00\",\"breadcrumb\":{\"@id\":\"https:\\\/\\\/philiboul.fr\\\/index.php\\\/loreal-equity-gender\\\/#breadcrumb\"},\"inLanguage\":\"fr-FR\",\"potentialAction\":[{\"@type\":\"ReadAction\",\"target\":[\"https:\\\/\\\/philiboul.fr\\\/index.php\\\/loreal-equity-gender\\\/\"]}]},{\"@type\":\"ImageObject\",\"inLanguage\":\"fr-FR\",\"@id\":\"https:\\\/\\\/philiboul.fr\\\/index.php\\\/loreal-equity-gender\\\/#primaryimage\",\"url\":\"https:\\\/\\\/philiboul.fr\\\/wp-content\\\/uploads\\\/2020\\\/02\\\/LOREAL-CAS-2-carre.jpg\",\"contentUrl\":\"https:\\\/\\\/philiboul.fr\\\/wp-content\\\/uploads\\\/2020\\\/02\\\/LOREAL-CAS-2-carre.jpg\",\"width\":595,\"height\":595},{\"@type\":\"BreadcrumbList\",\"@id\":\"https:\\\/\\\/philiboul.fr\\\/index.php\\\/loreal-equity-gender\\\/#breadcrumb\",\"itemListElement\":[{\"@type\":\"ListItem\",\"position\":1,\"name\":\"Home\",\"item\":\"https:\\\/\\\/philiboul.fr\\\/\"},{\"@type\":\"ListItem\",\"position\":2,\"name\":\"# L&rsquo;OREAL Equity Gender\"}]},{\"@type\":\"WebSite\",\"@id\":\"https:\\\/\\\/philiboul.fr\\\/#website\",\"url\":\"https:\\\/\\\/philiboul.fr\\\/\",\"name\":\"Philiboul\",\"description\":\"L&#039;agence qui ne perd pas la boule\",\"potentialAction\":[{\"@type\":\"SearchAction\",\"target\":{\"@type\":\"EntryPoint\",\"urlTemplate\":\"https:\\\/\\\/philiboul.fr\\\/?s={search_term_string}\"},\"query-input\":{\"@type\":\"PropertyValueSpecification\",\"valueRequired\":true,\"valueName\":\"search_term_string\"}}],\"inLanguage\":\"fr-FR\"}]}<\/script>\n<!-- \/ Yoast SEO plugin. -->","yoast_head_json":{"title":"# L'OREAL Equity Gender - Philiboul","robots":{"index":"index","follow":"follow","max-snippet":"max-snippet:-1","max-image-preview":"max-image-preview:large","max-video-preview":"max-video-preview:-1"},"canonical":"https:\/\/philiboul.fr\/index.php\/loreal-equity-gender\/","og_locale":"fr_FR","og_type":"article","og_title":"# L'OREAL Equity Gender - Philiboul","og_description":"L'OR\u00c9ALMise en place du premier rapport \u00e9galitaire homme \/ femmeEquity GenderKEYWORKS Cr\u00e9ation d\u2019un visuel fort autour de l'ADN du groupe l\u2019Or\u00e9al. Strat\u00e9gie r\u00e9dactionnelle : Faire \u00e9merger les valeurs du groupe reconnu pour son exemplarit\u00e9 en faveur de l\u2019\u00e9galit\u00e9 professionnelle, int\u00e9grer la politique de diversit\u00e9, une valeur essentielle pour l\u2019Or\u00e9al, contributive de sa performance. Accro\u00eetre l\u2019engagement [&hellip;]","og_url":"https:\/\/philiboul.fr\/index.php\/loreal-equity-gender\/","og_site_name":"Philiboul","article_modified_time":"2020-03-09T16:02:11+00:00","og_image":[{"url":"https:\/\/philiboul.fr\/wp-content\/uploads\/2020\/02\/LOREAL-CAS-2-carre-300x300.jpg","type":"","width":"","height":""}],"twitter_card":"summary_large_image","twitter_misc":{"Dur\u00e9e de lecture estim\u00e9e":"3 minutes"},"schema":{"@context":"https:\/\/schema.org","@graph":[{"@type":"WebPage","@id":"https:\/\/philiboul.fr\/index.php\/loreal-equity-gender\/","url":"https:\/\/philiboul.fr\/index.php\/loreal-equity-gender\/","name":"# L'OREAL Equity Gender - Philiboul","isPartOf":{"@id":"https:\/\/philiboul.fr\/#website"},"primaryImageOfPage":{"@id":"https:\/\/philiboul.fr\/index.php\/loreal-equity-gender\/#primaryimage"},"image":{"@id":"https:\/\/philiboul.fr\/index.php\/loreal-equity-gender\/#primaryimage"},"thumbnailUrl":"https:\/\/philiboul.fr\/wp-content\/uploads\/2020\/02\/LOREAL-CAS-2-carre-300x300.jpg","datePublished":"2020-02-20T12:18:35+00:00","dateModified":"2020-03-09T16:02:11+00:00","breadcrumb":{"@id":"https:\/\/philiboul.fr\/index.php\/loreal-equity-gender\/#breadcrumb"},"inLanguage":"fr-FR","potentialAction":[{"@type":"ReadAction","target":["https:\/\/philiboul.fr\/index.php\/loreal-equity-gender\/"]}]},{"@type":"ImageObject","inLanguage":"fr-FR","@id":"https:\/\/philiboul.fr\/index.php\/loreal-equity-gender\/#primaryimage","url":"https:\/\/philiboul.fr\/wp-content\/uploads\/2020\/02\/LOREAL-CAS-2-carre.jpg","contentUrl":"https:\/\/philiboul.fr\/wp-content\/uploads\/2020\/02\/LOREAL-CAS-2-carre.jpg","width":595,"height":595},{"@type":"BreadcrumbList","@id":"https:\/\/philiboul.fr\/index.php\/loreal-equity-gender\/#breadcrumb","itemListElement":[{"@type":"ListItem","position":1,"name":"Home","item":"https:\/\/philiboul.fr\/"},{"@type":"ListItem","position":2,"name":"# L&rsquo;OREAL Equity Gender"}]},{"@type":"WebSite","@id":"https:\/\/philiboul.fr\/#website","url":"https:\/\/philiboul.fr\/","name":"Philiboul","description":"L&#039;agence qui ne perd pas la boule","potentialAction":[{"@type":"SearchAction","target":{"@type":"EntryPoint","urlTemplate":"https:\/\/philiboul.fr\/?s={search_term_string}"},"query-input":{"@type":"PropertyValueSpecification","valueRequired":true,"valueName":"search_term_string"}}],"inLanguage":"fr-FR"}]}},"_links":{"self":[{"href":"https:\/\/philiboul.fr\/index.php\/wp-json\/wp\/v2\/pages\/690","targetHints":{"allow":["GET"]}}],"collection":[{"href":"https:\/\/philiboul.fr\/index.php\/wp-json\/wp\/v2\/pages"}],"about":[{"href":"https:\/\/philiboul.fr\/index.php\/wp-json\/wp\/v2\/types\/page"}],"author":[{"embeddable":true,"href":"https:\/\/philiboul.fr\/index.php\/wp-json\/wp\/v2\/users\/2"}],"replies":[{"embeddable":true,"href":"https:\/\/philiboul.fr\/index.php\/wp-json\/wp\/v2\/comments?post=690"}],"version-history":[{"count":6,"href":"https:\/\/philiboul.fr\/index.php\/wp-json\/wp\/v2\/pages\/690\/revisions"}],"predecessor-version":[{"id":1462,"href":"https:\/\/philiboul.fr\/index.php\/wp-json\/wp\/v2\/pages\/690\/revisions\/1462"}],"wp:attachment":[{"href":"https:\/\/philiboul.fr\/index.php\/wp-json\/wp\/v2\/media?parent=690"}],"curies":[{"name":"wp","href":"https:\/\/api.w.org\/{rel}","templated":true}]}}