{"id":699,"date":"2020-02-20T12:22:03","date_gmt":"2020-02-20T12:22:03","guid":{"rendered":"https:\/\/philiboul.fr\/?page_id=699"},"modified":"2020-03-09T16:13:21","modified_gmt":"2020-03-09T16:13:21","slug":"renault","status":"publish","type":"page","link":"https:\/\/philiboul.fr\/index.php\/renault\/","title":{"rendered":"# RENAULT"},"content":{"rendered":"<p>[et_pb_section fb_built=\u00a0\u00bb1&Prime; specialty=\u00a0\u00bbon\u00a0\u00bb padding_top_bottom_link_1=\u00a0\u00bbfalse\u00a0\u00bb padding_top_bottom_link_2=\u00a0\u00bbfalse\u00a0\u00bb padding_left_right_link_1=\u00a0\u00bbfalse\u00a0\u00bb padding_left_right_link_2=\u00a0\u00bbfalse\u00a0\u00bb padding_top_2=\u00a0\u00bb0px\u00a0\u00bb _builder_version=\u00a0\u00bb4.3.2&Prime; custom_padding=\u00a0\u00bb0px||||false|false\u00a0\u00bb][et_pb_column type=\u00a0\u00bb1_2&Prime; _builder_version=\u00a0\u00bb3.25&Prime; custom_padding=\u00a0\u00bb|||\u00a0\u00bb custom_padding__hover=\u00a0\u00bb|||\u00a0\u00bb][et_pb_text _builder_version=\u00a0\u00bb4.3.2&Prime; header_font_size=\u00a0\u00bb61px\u00a0\u00bb header_font_size_tablet=\u00a0\u00bb\u00a0\u00bb header_font_size_phone=\u00a0\u00bb54px\u00a0\u00bb header_font_size_last_edited=\u00a0\u00bbon|desktop\u00a0\u00bb]<\/p>\n<h1><img loading=\"lazy\" decoding=\"async\" src=\"https:\/\/philiboul.fr\/wp-content\/uploads\/2020\/02\/LOREAL-philiboul-CAS-5-carre-300x300.jpg\" alt=\"\" class=\"wp-image-499 alignnone size-medium\" width=\"212\" height=\"212\" \/><\/h1>\n<h1>RENAULT<\/h1>\n<p>[\/et_pb_text][et_pb_divider color=\u00a0\u00bb#000000&Prime; divider_weight=\u00a0\u00bb4px\u00a0\u00bb _builder_version=\u00a0\u00bb4.3.2&Prime;][\/et_pb_divider][et_pb_text _builder_version=\u00a0\u00bb4.3.4&Prime; text_font=\u00a0\u00bbArial|800||on|||||\u00a0\u00bb text_text_color=\u00a0\u00bb#000000&Prime; text_font_size=\u00a0\u00bb44px\u00a0\u00bb text_line_height=\u00a0\u00bb1em\u00a0\u00bb header_font_size=\u00a0\u00bb26px\u00a0\u00bb width=\u00a0\u00bb77%\u00a0\u00bb min_height=\u00a0\u00bb100px\u00a0\u00bb custom_margin=\u00a0\u00bb||||false|false\u00a0\u00bb hover_enabled=\u00a0\u00bb0&Prime; text_font_size_tablet=\u00a0\u00bb30px\u00a0\u00bb text_font_size_phone=\u00a0\u00bb21px\u00a0\u00bb text_font_size_last_edited=\u00a0\u00bbon|phone\u00a0\u00bb]<\/p>\n<p>Dispositif de communication &amp; organisation de la journ\u00e9e anniversaire<\/p>\n<p>[\/et_pb_text][et_pb_text _builder_version=\u00a0\u00bb4.3.4&Prime; text_font=\u00a0\u00bbActor||||||||\u00a0\u00bb text_text_color=\u00a0\u00bb#c80637&Prime; text_font_size=\u00a0\u00bb27px\u00a0\u00bb text_font_size_tablet=\u00a0\u00bb\u00a0\u00bb text_font_size_phone=\u00a0\u00bb18px\u00a0\u00bb text_font_size_last_edited=\u00a0\u00bbon|desktop\u00a0\u00bb]<\/p>\n<p>50 ans &#8211;<b> <\/b>Ev\u00e9nement &#8211; 3500 personnes<\/p>\n<p>[\/et_pb_text][et_pb_divider color=\u00a0\u00bb#000000&Prime; _builder_version=\u00a0\u00bb4.3.4&Prime;][\/et_pb_divider][et_pb_text _builder_version=\u00a0\u00bb4.3.2&Prime; text_font=\u00a0\u00bbActor||||||||\u00a0\u00bb text_text_color=\u00a0\u00bb#000000&Prime; text_font_size=\u00a0\u00bb18px\u00a0\u00bb width=\u00a0\u00bb75%\u00a0\u00bb]<\/p>\n<h2><b>KEYWORKS<\/b><\/h2>\n<p><strong>C\u00e9l\u00e9brer<\/strong> les 50 ans du site de Villiers-Saint-Fr\u00e9deric dans un esprit familiale, un \u00e9v\u00e9nement plac\u00e9 sous le signe du partage et de la convivialit\u00e9.<\/p>\n<p>Notre but,<strong> retracer<\/strong> l\u2019histoire \u00e0 travers des expositions, ateliers-jeux pour r\u00e9unir tous les salari\u00e9s, \u00e9lus, journalistes ,VIP\u2026<\/p>\n<p><strong>Susciter<\/strong> un esprit de long\u00e9vit\u00e9 et affirmer que la tradition de VSF se perp\u00e9tue au fil des ann\u00e9es.<\/p>\n<p><strong>Valoriser<\/strong> les collaborateurs et leurs m\u00e9tiers par la d\u00e9couverte des diff\u00e9rents lieux sp\u00e9cifiques.<\/p>\n<p>[\/et_pb_text][et_pb_image src=\u00a0\u00bbhttps:\/\/philiboul.fr\/wp-content\/uploads\/2020\/02\/Renault-philiboul-web-3.jpg\u00a0\u00bb show_in_lightbox=\u00a0\u00bbon\u00a0\u00bb _builder_version=\u00a0\u00bb4.3.2&Prime;][\/et_pb_image][et_pb_image src=\u00a0\u00bbhttps:\/\/philiboul.fr\/wp-content\/uploads\/2020\/02\/Renault-philiboul-web-8.jpg\u00a0\u00bb show_in_lightbox=\u00a0\u00bbon\u00a0\u00bb _builder_version=\u00a0\u00bb4.3.2&Prime; box_shadow_style=\u00a0\u00bbpreset1&Prime;][\/et_pb_image][\/et_pb_column][et_pb_column type=\u00a0\u00bb1_2&Prime; specialty_columns=\u00a0\u00bb2&Prime; _builder_version=\u00a0\u00bb3.25&Prime; custom_padding=\u00a0\u00bb|||\u00a0\u00bb custom_padding__hover=\u00a0\u00bb|||\u00a0\u00bb][et_pb_row_inner _builder_version=\u00a0\u00bb4.2.2&Prime;][et_pb_column_inner saved_specialty_column_type=\u00a0\u00bb1_2&Prime; _builder_version=\u00a0\u00bb4.2.2&Prime;][et_pb_image src=\u00a0\u00bbhttps:\/\/philiboul.fr\/wp-content\/uploads\/2020\/02\/fleche-rouge-bas.jpg\u00a0\u00bb _builder_version=\u00a0\u00bb4.3.2&Prime; width=\u00a0\u00bb17%\u00a0\u00bb][\/et_pb_image][\/et_pb_column_inner][\/et_pb_row_inner][et_pb_row_inner use_custom_gutter=\u00a0\u00bbon\u00a0\u00bb gutter_width=\u00a0\u00bb1&Prime; _builder_version=\u00a0\u00bb4.3.4&Prime;][et_pb_column_inner saved_specialty_column_type=\u00a0\u00bb1_2&Prime; _builder_version=\u00a0\u00bb4.2.2&Prime;][et_pb_image src=\u00a0\u00bbhttps:\/\/philiboul.fr\/wp-content\/uploads\/2020\/02\/Renault-philiboul-web-2.jpg\u00a0\u00bb show_in_lightbox=\u00a0\u00bbon\u00a0\u00bb _builder_version=\u00a0\u00bb4.3.2&Prime; box_shadow_style=\u00a0\u00bbpreset1&Prime;][\/et_pb_image][et_pb_image src=\u00a0\u00bbhttps:\/\/philiboul.fr\/wp-content\/uploads\/2020\/02\/Renault-philiboul-web-7.jpg\u00a0\u00bb _builder_version=\u00a0\u00bb4.3.4&Prime;][\/et_pb_image][et_pb_image src=\u00a0\u00bbhttps:\/\/philiboul.fr\/wp-content\/uploads\/2020\/02\/Renault-philiboul-web-5.jpg\u00a0\u00bb _builder_version=\u00a0\u00bb4.3.4&Prime;][\/et_pb_image][et_pb_image src=\u00a0\u00bbhttps:\/\/philiboul.fr\/wp-content\/uploads\/2020\/02\/Renault-philiboul-web-9.jpg\u00a0\u00bb _builder_version=\u00a0\u00bb4.3.4&Prime;][\/et_pb_image][et_pb_image src=\u00a0\u00bbhttps:\/\/philiboul.fr\/wp-content\/uploads\/2020\/02\/Renault-philiboul-web-4.jpg\u00a0\u00bb _builder_version=\u00a0\u00bb4.3.4&Prime;][\/et_pb_image][\/et_pb_column_inner][\/et_pb_row_inner][\/et_pb_column][\/et_pb_section]<\/p>\n","protected":false},"excerpt":{"rendered":"<p>RENAULTDispositif de communication &amp; organisation de la journ\u00e9e anniversaire50 ans &#8211; Ev\u00e9nement &#8211; 3500 personnesKEYWORKS C\u00e9l\u00e9brer les 50 ans du site de Villiers-Saint-Fr\u00e9deric dans un esprit familiale, un \u00e9v\u00e9nement plac\u00e9 sous le signe du partage et de la convivialit\u00e9. Notre but, retracer l\u2019histoire \u00e0 travers des expositions, ateliers-jeux pour r\u00e9unir tous les salari\u00e9s, \u00e9lus, journalistes [&hellip;]<\/p>\n","protected":false},"author":2,"featured_media":0,"parent":0,"menu_order":0,"comment_status":"closed","ping_status":"closed","template":"","meta":{"_et_pb_use_builder":"on","_et_pb_old_content":"","_et_gb_content_width":"","footnotes":""},"class_list":["post-699","page","type-page","status-publish","hentry"],"yoast_head":"<!-- This site is optimized with the Yoast SEO plugin v27.6 - https:\/\/yoast.com\/product\/yoast-seo-wordpress\/ -->\n<title># RENAULT - Philiboul<\/title>\n<meta name=\"robots\" content=\"index, follow, max-snippet:-1, max-image-preview:large, max-video-preview:-1\" \/>\n<link rel=\"canonical\" href=\"https:\/\/philiboul.fr\/index.php\/renault\/\" \/>\n<meta property=\"og:locale\" content=\"fr_FR\" \/>\n<meta property=\"og:type\" content=\"article\" \/>\n<meta property=\"og:title\" content=\"# RENAULT - Philiboul\" \/>\n<meta property=\"og:description\" content=\"RENAULTDispositif de communication &amp; organisation de la journ\u00e9e anniversaire50 ans - Ev\u00e9nement - 3500 personnesKEYWORKS C\u00e9l\u00e9brer les 50 ans du site de Villiers-Saint-Fr\u00e9deric dans un esprit familiale, un \u00e9v\u00e9nement plac\u00e9 sous le signe du partage et de la convivialit\u00e9. Notre but, retracer l\u2019histoire \u00e0 travers des expositions, ateliers-jeux pour r\u00e9unir tous les salari\u00e9s, \u00e9lus, journalistes [&hellip;]\" \/>\n<meta property=\"og:url\" content=\"https:\/\/philiboul.fr\/index.php\/renault\/\" \/>\n<meta property=\"og:site_name\" content=\"Philiboul\" \/>\n<meta property=\"article:modified_time\" content=\"2020-03-09T16:13:21+00:00\" \/>\n<meta property=\"og:image\" content=\"https:\/\/philiboul.fr\/wp-content\/uploads\/2020\/02\/LOREAL-philiboul-CAS-5-carre-300x300.jpg\" \/>\n<meta name=\"twitter:card\" content=\"summary_large_image\" \/>\n<meta name=\"twitter:label1\" content=\"Dur\u00e9e de lecture estim\u00e9e\" \/>\n\t<meta name=\"twitter:data1\" content=\"3 minutes\" \/>\n<script type=\"application\/ld+json\" class=\"yoast-schema-graph\">{\"@context\":\"https:\\\/\\\/schema.org\",\"@graph\":[{\"@type\":\"WebPage\",\"@id\":\"https:\\\/\\\/philiboul.fr\\\/index.php\\\/renault\\\/\",\"url\":\"https:\\\/\\\/philiboul.fr\\\/index.php\\\/renault\\\/\",\"name\":\"# RENAULT - Philiboul\",\"isPartOf\":{\"@id\":\"https:\\\/\\\/philiboul.fr\\\/#website\"},\"primaryImageOfPage\":{\"@id\":\"https:\\\/\\\/philiboul.fr\\\/index.php\\\/renault\\\/#primaryimage\"},\"image\":{\"@id\":\"https:\\\/\\\/philiboul.fr\\\/index.php\\\/renault\\\/#primaryimage\"},\"thumbnailUrl\":\"https:\\\/\\\/philiboul.fr\\\/wp-content\\\/uploads\\\/2020\\\/02\\\/LOREAL-philiboul-CAS-5-carre-300x300.jpg\",\"datePublished\":\"2020-02-20T12:22:03+00:00\",\"dateModified\":\"2020-03-09T16:13:21+00:00\",\"breadcrumb\":{\"@id\":\"https:\\\/\\\/philiboul.fr\\\/index.php\\\/renault\\\/#breadcrumb\"},\"inLanguage\":\"fr-FR\",\"potentialAction\":[{\"@type\":\"ReadAction\",\"target\":[\"https:\\\/\\\/philiboul.fr\\\/index.php\\\/renault\\\/\"]}]},{\"@type\":\"ImageObject\",\"inLanguage\":\"fr-FR\",\"@id\":\"https:\\\/\\\/philiboul.fr\\\/index.php\\\/renault\\\/#primaryimage\",\"url\":\"https:\\\/\\\/philiboul.fr\\\/wp-content\\\/uploads\\\/2020\\\/02\\\/LOREAL-philiboul-CAS-5-carre-300x300.jpg\",\"contentUrl\":\"https:\\\/\\\/philiboul.fr\\\/wp-content\\\/uploads\\\/2020\\\/02\\\/LOREAL-philiboul-CAS-5-carre-300x300.jpg\"},{\"@type\":\"BreadcrumbList\",\"@id\":\"https:\\\/\\\/philiboul.fr\\\/index.php\\\/renault\\\/#breadcrumb\",\"itemListElement\":[{\"@type\":\"ListItem\",\"position\":1,\"name\":\"Home\",\"item\":\"https:\\\/\\\/philiboul.fr\\\/\"},{\"@type\":\"ListItem\",\"position\":2,\"name\":\"# RENAULT\"}]},{\"@type\":\"WebSite\",\"@id\":\"https:\\\/\\\/philiboul.fr\\\/#website\",\"url\":\"https:\\\/\\\/philiboul.fr\\\/\",\"name\":\"Philiboul\",\"description\":\"L&#039;agence qui ne perd pas la boule\",\"potentialAction\":[{\"@type\":\"SearchAction\",\"target\":{\"@type\":\"EntryPoint\",\"urlTemplate\":\"https:\\\/\\\/philiboul.fr\\\/?s={search_term_string}\"},\"query-input\":{\"@type\":\"PropertyValueSpecification\",\"valueRequired\":true,\"valueName\":\"search_term_string\"}}],\"inLanguage\":\"fr-FR\"}]}<\/script>\n<!-- \/ Yoast SEO plugin. -->","yoast_head_json":{"title":"# RENAULT - Philiboul","robots":{"index":"index","follow":"follow","max-snippet":"max-snippet:-1","max-image-preview":"max-image-preview:large","max-video-preview":"max-video-preview:-1"},"canonical":"https:\/\/philiboul.fr\/index.php\/renault\/","og_locale":"fr_FR","og_type":"article","og_title":"# RENAULT - Philiboul","og_description":"RENAULTDispositif de communication &amp; organisation de la journ\u00e9e anniversaire50 ans - Ev\u00e9nement - 3500 personnesKEYWORKS C\u00e9l\u00e9brer les 50 ans du site de Villiers-Saint-Fr\u00e9deric dans un esprit familiale, un \u00e9v\u00e9nement plac\u00e9 sous le signe du partage et de la convivialit\u00e9. Notre but, retracer l\u2019histoire \u00e0 travers des expositions, ateliers-jeux pour r\u00e9unir tous les salari\u00e9s, \u00e9lus, journalistes [&hellip;]","og_url":"https:\/\/philiboul.fr\/index.php\/renault\/","og_site_name":"Philiboul","article_modified_time":"2020-03-09T16:13:21+00:00","og_image":[{"url":"https:\/\/philiboul.fr\/wp-content\/uploads\/2020\/02\/LOREAL-philiboul-CAS-5-carre-300x300.jpg","type":"","width":"","height":""}],"twitter_card":"summary_large_image","twitter_misc":{"Dur\u00e9e de lecture estim\u00e9e":"3 minutes"},"schema":{"@context":"https:\/\/schema.org","@graph":[{"@type":"WebPage","@id":"https:\/\/philiboul.fr\/index.php\/renault\/","url":"https:\/\/philiboul.fr\/index.php\/renault\/","name":"# RENAULT - Philiboul","isPartOf":{"@id":"https:\/\/philiboul.fr\/#website"},"primaryImageOfPage":{"@id":"https:\/\/philiboul.fr\/index.php\/renault\/#primaryimage"},"image":{"@id":"https:\/\/philiboul.fr\/index.php\/renault\/#primaryimage"},"thumbnailUrl":"https:\/\/philiboul.fr\/wp-content\/uploads\/2020\/02\/LOREAL-philiboul-CAS-5-carre-300x300.jpg","datePublished":"2020-02-20T12:22:03+00:00","dateModified":"2020-03-09T16:13:21+00:00","breadcrumb":{"@id":"https:\/\/philiboul.fr\/index.php\/renault\/#breadcrumb"},"inLanguage":"fr-FR","potentialAction":[{"@type":"ReadAction","target":["https:\/\/philiboul.fr\/index.php\/renault\/"]}]},{"@type":"ImageObject","inLanguage":"fr-FR","@id":"https:\/\/philiboul.fr\/index.php\/renault\/#primaryimage","url":"https:\/\/philiboul.fr\/wp-content\/uploads\/2020\/02\/LOREAL-philiboul-CAS-5-carre-300x300.jpg","contentUrl":"https:\/\/philiboul.fr\/wp-content\/uploads\/2020\/02\/LOREAL-philiboul-CAS-5-carre-300x300.jpg"},{"@type":"BreadcrumbList","@id":"https:\/\/philiboul.fr\/index.php\/renault\/#breadcrumb","itemListElement":[{"@type":"ListItem","position":1,"name":"Home","item":"https:\/\/philiboul.fr\/"},{"@type":"ListItem","position":2,"name":"# RENAULT"}]},{"@type":"WebSite","@id":"https:\/\/philiboul.fr\/#website","url":"https:\/\/philiboul.fr\/","name":"Philiboul","description":"L&#039;agence qui ne perd pas la boule","potentialAction":[{"@type":"SearchAction","target":{"@type":"EntryPoint","urlTemplate":"https:\/\/philiboul.fr\/?s={search_term_string}"},"query-input":{"@type":"PropertyValueSpecification","valueRequired":true,"valueName":"search_term_string"}}],"inLanguage":"fr-FR"}]}},"_links":{"self":[{"href":"https:\/\/philiboul.fr\/index.php\/wp-json\/wp\/v2\/pages\/699","targetHints":{"allow":["GET"]}}],"collection":[{"href":"https:\/\/philiboul.fr\/index.php\/wp-json\/wp\/v2\/pages"}],"about":[{"href":"https:\/\/philiboul.fr\/index.php\/wp-json\/wp\/v2\/types\/page"}],"author":[{"embeddable":true,"href":"https:\/\/philiboul.fr\/index.php\/wp-json\/wp\/v2\/users\/2"}],"replies":[{"embeddable":true,"href":"https:\/\/philiboul.fr\/index.php\/wp-json\/wp\/v2\/comments?post=699"}],"version-history":[{"count":18,"href":"https:\/\/philiboul.fr\/index.php\/wp-json\/wp\/v2\/pages\/699\/revisions"}],"predecessor-version":[{"id":1474,"href":"https:\/\/philiboul.fr\/index.php\/wp-json\/wp\/v2\/pages\/699\/revisions\/1474"}],"wp:attachment":[{"href":"https:\/\/philiboul.fr\/index.php\/wp-json\/wp\/v2\/media?parent=699"}],"curies":[{"name":"wp","href":"https:\/\/api.w.org\/{rel}","templated":true}]}}