{"id":702,"date":"2020-02-20T12:23:08","date_gmt":"2020-02-20T12:23:08","guid":{"rendered":"https:\/\/philiboul.fr\/?page_id=702"},"modified":"2020-03-09T09:44:28","modified_gmt":"2020-03-09T09:44:28","slug":"viacces-orca","status":"publish","type":"page","link":"https:\/\/philiboul.fr\/index.php\/viacces-orca\/","title":{"rendered":"# VIACCES ORCA"},"content":{"rendered":"<p>[et_pb_section fb_built=\u00a0\u00bb1&Prime; specialty=\u00a0\u00bbon\u00a0\u00bb padding_top_bottom_link_1=\u00a0\u00bbfalse\u00a0\u00bb padding_top_bottom_link_2=\u00a0\u00bbfalse\u00a0\u00bb padding_left_right_link_1=\u00a0\u00bbfalse\u00a0\u00bb padding_left_right_link_2=\u00a0\u00bbfalse\u00a0\u00bb padding_top_2=\u00a0\u00bb0px\u00a0\u00bb _builder_version=\u00a0\u00bb4.3.2&Prime; custom_padding=\u00a0\u00bb0px||||false|false\u00a0\u00bb][et_pb_column type=\u00a0\u00bb1_2&Prime; _builder_version=\u00a0\u00bb3.25&Prime; custom_padding=\u00a0\u00bb|||\u00a0\u00bb custom_padding__hover=\u00a0\u00bb|||\u00a0\u00bb][et_pb_text _builder_version=\u00a0\u00bb4.3.4&Prime; header_font_size=\u00a0\u00bb61px\u00a0\u00bb hover_enabled=\u00a0\u00bb0&Prime; header_font_size_tablet=\u00a0\u00bb\u00a0\u00bb header_font_size_phone=\u00a0\u00bb54px\u00a0\u00bb header_font_size_last_edited=\u00a0\u00bbon|phone\u00a0\u00bb]<\/p>\n<h1><img loading=\"lazy\" decoding=\"async\" src=\"https:\/\/philiboul.fr\/wp-content\/uploads\/2020\/02\/VO-philiboul-CAS-6-carre-300x300.jpg\" alt=\"\" class=\"wp-image-307 alignnone size-medium\" width=\"213\" height=\"213\" \/><\/h1>\n<h1>VIACCES ORCA<\/h1>\n<p>&nbsp;<\/p>\n<p>[\/et_pb_text][et_pb_divider divider_weight=\u00a0\u00bb4px\u00a0\u00bb _builder_version=\u00a0\u00bb4.3.4&Prime; hover_enabled=\u00a0\u00bb0&Prime; color=\u00a0\u00bb#000000&Prime;][\/et_pb_divider][et_pb_text _builder_version=\u00a0\u00bb4.3.2&Prime; text_font=\u00a0\u00bbArial|800||on|||||\u00a0\u00bb text_text_color=\u00a0\u00bb#000000&Prime; text_font_size=\u00a0\u00bb47px\u00a0\u00bb text_line_height=\u00a0\u00bb1em\u00a0\u00bb header_font_size=\u00a0\u00bb26px\u00a0\u00bb width=\u00a0\u00bb77%\u00a0\u00bb min_height=\u00a0\u00bb100px\u00a0\u00bb custom_margin=\u00a0\u00bb||||false|false\u00a0\u00bb text_font_size_tablet=\u00a0\u00bb\u00a0\u00bb text_font_size_phone=\u00a0\u00bb28px\u00a0\u00bb text_font_size_last_edited=\u00a0\u00bbon|phone\u00a0\u00bb]<\/p>\n<p><b>TVLS &#8211;<\/b><b> CLIENTS WORLDWIDE<\/b><\/p>\n<p>[\/et_pb_text][et_pb_text _builder_version=\u00a0\u00bb4.3.2&Prime; text_font=\u00a0\u00bbActor||||||||\u00a0\u00bb text_text_color=\u00a0\u00bb#c80637&Prime; text_font_size=\u00a0\u00bb27px\u00a0\u00bb text_font_size_tablet=\u00a0\u00bb\u00a0\u00bb text_font_size_phone=\u00a0\u00bb18px\u00a0\u00bb text_font_size_last_edited=\u00a0\u00bbon|desktop\u00a0\u00bb]<\/p>\n<p>Organisation des \u00e9v\u00e9nements annuels<\/p>\n<p>[\/et_pb_text][et_pb_divider _builder_version=\u00a0\u00bb4.3.4&Prime; hover_enabled=\u00a0\u00bb0&Prime; color=\u00a0\u00bb#000000&Prime;][\/et_pb_divider][et_pb_text _builder_version=\u00a0\u00bb4.3.2&Prime; text_font=\u00a0\u00bbActor||||||||\u00a0\u00bb text_text_color=\u00a0\u00bb#000000&Prime; text_font_size=\u00a0\u00bb18px\u00a0\u00bb width=\u00a0\u00bb75%\u00a0\u00bb]<\/p>\n<h2><b>KEYWORKS<\/b><\/h2>\n<p><strong>Mise en sc\u00e8ne<\/strong> des \u00e9v\u00e8nements\u00a0 BtoB :\u00a0 augmenter la fid\u00e9lit\u00e9 et la satisfaction des clients en cr\u00e9ant des moments d\u2019\u00e9change durant le s\u00e9jour.<\/p>\n<p><strong>Instaurer<\/strong> un marketing relationnel qui valorise l\u2019image de marque et contribue \u00e0 leur positionnement de leader.<\/p>\n<p><strong>Choix de destinations tendances<\/strong>, soir\u00e9es exceptionnelles pour faire vivre une exp\u00e9rience unique.<\/p>\n<p>[\/et_pb_text][et_pb_image src=\u00a0\u00bbhttps:\/\/philiboul.fr\/wp-content\/uploads\/2020\/02\/VO-philiboul-web-5.jpg\u00a0\u00bb show_in_lightbox=\u00a0\u00bbon\u00a0\u00bb _builder_version=\u00a0\u00bb4.3.2&Prime; box_shadow_style=\u00a0\u00bbpreset1&Prime;][\/et_pb_image][et_pb_image src=\u00a0\u00bbhttps:\/\/philiboul.fr\/wp-content\/uploads\/2020\/02\/VO-philiboul-web-2.jpg\u00a0\u00bb show_in_lightbox=\u00a0\u00bbon\u00a0\u00bb _builder_version=\u00a0\u00bb4.3.4&Prime; box_shadow_style=\u00a0\u00bbpreset1&Prime;][\/et_pb_image][et_pb_image src=\u00a0\u00bbhttps:\/\/philiboul.fr\/wp-content\/uploads\/2020\/02\/VO-philiboul-web-3.jpg\u00a0\u00bb show_in_lightbox=\u00a0\u00bbon\u00a0\u00bb _builder_version=\u00a0\u00bb4.3.2&Prime; box_shadow_style=\u00a0\u00bbpreset1&Prime;][\/et_pb_image][et_pb_image src=\u00a0\u00bbhttps:\/\/philiboul.fr\/wp-content\/uploads\/2020\/03\/VO-philiboul-web-10.jpg\u00a0\u00bb show_in_lightbox=\u00a0\u00bbon\u00a0\u00bb _builder_version=\u00a0\u00bb4.3.4&Prime; box_shadow_style=\u00a0\u00bbpreset1&Prime;][\/et_pb_image][\/et_pb_column][et_pb_column type=\u00a0\u00bb1_2&Prime; specialty_columns=\u00a0\u00bb2&Prime; _builder_version=\u00a0\u00bb3.25&Prime; custom_padding=\u00a0\u00bb|||\u00a0\u00bb custom_padding__hover=\u00a0\u00bb|||\u00a0\u00bb][et_pb_row_inner _builder_version=\u00a0\u00bb4.2.2&Prime;][et_pb_column_inner saved_specialty_column_type=\u00a0\u00bb1_2&Prime; _builder_version=\u00a0\u00bb4.2.2&Prime;][et_pb_image src=\u00a0\u00bbhttps:\/\/philiboul.fr\/wp-content\/uploads\/2020\/02\/fleche-rouge-bas.jpg\u00a0\u00bb _builder_version=\u00a0\u00bb4.3.2&Prime; width=\u00a0\u00bb17%\u00a0\u00bb][\/et_pb_image][\/et_pb_column_inner][\/et_pb_row_inner][et_pb_row_inner _builder_version=\u00a0\u00bb4.3.4&Prime; hover_enabled=\u00a0\u00bb0&Prime; use_custom_gutter=\u00a0\u00bbon\u00a0\u00bb gutter_width=\u00a0\u00bb1&Prime;][et_pb_column_inner saved_specialty_column_type=\u00a0\u00bb1_2&Prime; _builder_version=\u00a0\u00bb4.2.2&Prime;][et_pb_image src=\u00a0\u00bbhttps:\/\/philiboul.fr\/wp-content\/uploads\/2020\/03\/VO-philiboul-web-9.jpg\u00a0\u00bb show_in_lightbox=\u00a0\u00bbon\u00a0\u00bb _builder_version=\u00a0\u00bb4.3.4&Prime; box_shadow_style=\u00a0\u00bbpreset1&Prime;][\/et_pb_image][et_pb_image src=\u00a0\u00bbhttps:\/\/philiboul.fr\/wp-content\/uploads\/2020\/03\/VO-philiboul-web-7.jpg\u00a0\u00bb show_in_lightbox=\u00a0\u00bbon\u00a0\u00bb _builder_version=\u00a0\u00bb4.3.4&Prime; box_shadow_style=\u00a0\u00bbpreset1&Prime;][\/et_pb_image][et_pb_image src=\u00a0\u00bbhttps:\/\/philiboul.fr\/wp-content\/uploads\/2020\/03\/VO-philiboul-web-8.jpg\u00a0\u00bb _builder_version=\u00a0\u00bb4.3.4&Prime; hover_enabled=\u00a0\u00bb0&Prime;][\/et_pb_image][et_pb_image src=\u00a0\u00bbhttps:\/\/philiboul.fr\/wp-content\/uploads\/2020\/02\/VO-philiboul-web-6.jpg\u00a0\u00bb _builder_version=\u00a0\u00bb4.3.4&Prime; hover_enabled=\u00a0\u00bb0&Prime;][\/et_pb_image][\/et_pb_column_inner][\/et_pb_row_inner][\/et_pb_column][\/et_pb_section]<\/p>\n","protected":false},"excerpt":{"rendered":"<p>VIACCES ORCA &nbsp; TVLS &#8211; CLIENTS WORLDWIDEOrganisation des \u00e9v\u00e9nements annuelsKEYWORKS Mise en sc\u00e8ne des \u00e9v\u00e8nements\u00a0 BtoB :\u00a0 augmenter la fid\u00e9lit\u00e9 et la satisfaction des clients en cr\u00e9ant des moments d\u2019\u00e9change durant le s\u00e9jour. Instaurer un marketing relationnel qui valorise l\u2019image de marque et contribue \u00e0 leur positionnement de leader. Choix de destinations tendances, soir\u00e9es exceptionnelles [&hellip;]<\/p>\n","protected":false},"author":2,"featured_media":0,"parent":0,"menu_order":0,"comment_status":"closed","ping_status":"closed","template":"","meta":{"_et_pb_use_builder":"on","_et_pb_old_content":"","_et_gb_content_width":"","footnotes":""},"class_list":["post-702","page","type-page","status-publish","hentry"],"yoast_head":"<!-- This site is optimized with the Yoast SEO plugin v27.5 - https:\/\/yoast.com\/product\/yoast-seo-wordpress\/ -->\n<title># VIACCES ORCA - Philiboul<\/title>\n<meta name=\"robots\" content=\"index, follow, max-snippet:-1, max-image-preview:large, max-video-preview:-1\" \/>\n<link rel=\"canonical\" href=\"https:\/\/philiboul.fr\/index.php\/viacces-orca\/\" \/>\n<meta property=\"og:locale\" content=\"fr_FR\" \/>\n<meta property=\"og:type\" content=\"article\" \/>\n<meta property=\"og:title\" content=\"# VIACCES ORCA - Philiboul\" \/>\n<meta property=\"og:description\" content=\"VIACCES ORCA &nbsp; TVLS - CLIENTS WORLDWIDEOrganisation des \u00e9v\u00e9nements annuelsKEYWORKS Mise en sc\u00e8ne des \u00e9v\u00e8nements\u00a0 BtoB :\u00a0 augmenter la fid\u00e9lit\u00e9 et la satisfaction des clients en cr\u00e9ant des moments d\u2019\u00e9change durant le s\u00e9jour. Instaurer un marketing relationnel qui valorise l\u2019image de marque et contribue \u00e0 leur positionnement de leader. Choix de destinations tendances, soir\u00e9es exceptionnelles [&hellip;]\" \/>\n<meta property=\"og:url\" content=\"https:\/\/philiboul.fr\/index.php\/viacces-orca\/\" \/>\n<meta property=\"og:site_name\" content=\"Philiboul\" \/>\n<meta property=\"article:modified_time\" content=\"2020-03-09T09:44:28+00:00\" \/>\n<meta property=\"og:image\" content=\"https:\/\/philiboul.fr\/wp-content\/uploads\/2020\/02\/VO-philiboul-CAS-6-carre-300x300.jpg\" \/>\n<meta name=\"twitter:card\" content=\"summary_large_image\" \/>\n<meta name=\"twitter:label1\" content=\"Dur\u00e9e de lecture estim\u00e9e\" \/>\n\t<meta name=\"twitter:data1\" content=\"3 minutes\" \/>\n<script type=\"application\/ld+json\" class=\"yoast-schema-graph\">{\"@context\":\"https:\\\/\\\/schema.org\",\"@graph\":[{\"@type\":\"WebPage\",\"@id\":\"https:\\\/\\\/philiboul.fr\\\/index.php\\\/viacces-orca\\\/\",\"url\":\"https:\\\/\\\/philiboul.fr\\\/index.php\\\/viacces-orca\\\/\",\"name\":\"# VIACCES ORCA - Philiboul\",\"isPartOf\":{\"@id\":\"https:\\\/\\\/philiboul.fr\\\/#website\"},\"primaryImageOfPage\":{\"@id\":\"https:\\\/\\\/philiboul.fr\\\/index.php\\\/viacces-orca\\\/#primaryimage\"},\"image\":{\"@id\":\"https:\\\/\\\/philiboul.fr\\\/index.php\\\/viacces-orca\\\/#primaryimage\"},\"thumbnailUrl\":\"https:\\\/\\\/philiboul.fr\\\/wp-content\\\/uploads\\\/2020\\\/02\\\/VO-philiboul-CAS-6-carre-300x300.jpg\",\"datePublished\":\"2020-02-20T12:23:08+00:00\",\"dateModified\":\"2020-03-09T09:44:28+00:00\",\"breadcrumb\":{\"@id\":\"https:\\\/\\\/philiboul.fr\\\/index.php\\\/viacces-orca\\\/#breadcrumb\"},\"inLanguage\":\"fr-FR\",\"potentialAction\":[{\"@type\":\"ReadAction\",\"target\":[\"https:\\\/\\\/philiboul.fr\\\/index.php\\\/viacces-orca\\\/\"]}]},{\"@type\":\"ImageObject\",\"inLanguage\":\"fr-FR\",\"@id\":\"https:\\\/\\\/philiboul.fr\\\/index.php\\\/viacces-orca\\\/#primaryimage\",\"url\":\"https:\\\/\\\/philiboul.fr\\\/wp-content\\\/uploads\\\/2020\\\/02\\\/VO-philiboul-CAS-6-carre.jpg\",\"contentUrl\":\"https:\\\/\\\/philiboul.fr\\\/wp-content\\\/uploads\\\/2020\\\/02\\\/VO-philiboul-CAS-6-carre.jpg\",\"width\":595,\"height\":595},{\"@type\":\"BreadcrumbList\",\"@id\":\"https:\\\/\\\/philiboul.fr\\\/index.php\\\/viacces-orca\\\/#breadcrumb\",\"itemListElement\":[{\"@type\":\"ListItem\",\"position\":1,\"name\":\"Home\",\"item\":\"https:\\\/\\\/philiboul.fr\\\/\"},{\"@type\":\"ListItem\",\"position\":2,\"name\":\"# VIACCES ORCA\"}]},{\"@type\":\"WebSite\",\"@id\":\"https:\\\/\\\/philiboul.fr\\\/#website\",\"url\":\"https:\\\/\\\/philiboul.fr\\\/\",\"name\":\"Philiboul\",\"description\":\"L&#039;agence qui ne perd pas la boule\",\"potentialAction\":[{\"@type\":\"SearchAction\",\"target\":{\"@type\":\"EntryPoint\",\"urlTemplate\":\"https:\\\/\\\/philiboul.fr\\\/?s={search_term_string}\"},\"query-input\":{\"@type\":\"PropertyValueSpecification\",\"valueRequired\":true,\"valueName\":\"search_term_string\"}}],\"inLanguage\":\"fr-FR\"}]}<\/script>\n<!-- \/ Yoast SEO plugin. -->","yoast_head_json":{"title":"# VIACCES ORCA - Philiboul","robots":{"index":"index","follow":"follow","max-snippet":"max-snippet:-1","max-image-preview":"max-image-preview:large","max-video-preview":"max-video-preview:-1"},"canonical":"https:\/\/philiboul.fr\/index.php\/viacces-orca\/","og_locale":"fr_FR","og_type":"article","og_title":"# VIACCES ORCA - Philiboul","og_description":"VIACCES ORCA &nbsp; TVLS - CLIENTS WORLDWIDEOrganisation des \u00e9v\u00e9nements annuelsKEYWORKS Mise en sc\u00e8ne des \u00e9v\u00e8nements\u00a0 BtoB :\u00a0 augmenter la fid\u00e9lit\u00e9 et la satisfaction des clients en cr\u00e9ant des moments d\u2019\u00e9change durant le s\u00e9jour. Instaurer un marketing relationnel qui valorise l\u2019image de marque et contribue \u00e0 leur positionnement de leader. Choix de destinations tendances, soir\u00e9es exceptionnelles [&hellip;]","og_url":"https:\/\/philiboul.fr\/index.php\/viacces-orca\/","og_site_name":"Philiboul","article_modified_time":"2020-03-09T09:44:28+00:00","og_image":[{"url":"https:\/\/philiboul.fr\/wp-content\/uploads\/2020\/02\/VO-philiboul-CAS-6-carre-300x300.jpg","type":"","width":"","height":""}],"twitter_card":"summary_large_image","twitter_misc":{"Dur\u00e9e de lecture estim\u00e9e":"3 minutes"},"schema":{"@context":"https:\/\/schema.org","@graph":[{"@type":"WebPage","@id":"https:\/\/philiboul.fr\/index.php\/viacces-orca\/","url":"https:\/\/philiboul.fr\/index.php\/viacces-orca\/","name":"# VIACCES ORCA - Philiboul","isPartOf":{"@id":"https:\/\/philiboul.fr\/#website"},"primaryImageOfPage":{"@id":"https:\/\/philiboul.fr\/index.php\/viacces-orca\/#primaryimage"},"image":{"@id":"https:\/\/philiboul.fr\/index.php\/viacces-orca\/#primaryimage"},"thumbnailUrl":"https:\/\/philiboul.fr\/wp-content\/uploads\/2020\/02\/VO-philiboul-CAS-6-carre-300x300.jpg","datePublished":"2020-02-20T12:23:08+00:00","dateModified":"2020-03-09T09:44:28+00:00","breadcrumb":{"@id":"https:\/\/philiboul.fr\/index.php\/viacces-orca\/#breadcrumb"},"inLanguage":"fr-FR","potentialAction":[{"@type":"ReadAction","target":["https:\/\/philiboul.fr\/index.php\/viacces-orca\/"]}]},{"@type":"ImageObject","inLanguage":"fr-FR","@id":"https:\/\/philiboul.fr\/index.php\/viacces-orca\/#primaryimage","url":"https:\/\/philiboul.fr\/wp-content\/uploads\/2020\/02\/VO-philiboul-CAS-6-carre.jpg","contentUrl":"https:\/\/philiboul.fr\/wp-content\/uploads\/2020\/02\/VO-philiboul-CAS-6-carre.jpg","width":595,"height":595},{"@type":"BreadcrumbList","@id":"https:\/\/philiboul.fr\/index.php\/viacces-orca\/#breadcrumb","itemListElement":[{"@type":"ListItem","position":1,"name":"Home","item":"https:\/\/philiboul.fr\/"},{"@type":"ListItem","position":2,"name":"# VIACCES ORCA"}]},{"@type":"WebSite","@id":"https:\/\/philiboul.fr\/#website","url":"https:\/\/philiboul.fr\/","name":"Philiboul","description":"L&#039;agence qui ne perd pas la boule","potentialAction":[{"@type":"SearchAction","target":{"@type":"EntryPoint","urlTemplate":"https:\/\/philiboul.fr\/?s={search_term_string}"},"query-input":{"@type":"PropertyValueSpecification","valueRequired":true,"valueName":"search_term_string"}}],"inLanguage":"fr-FR"}]}},"_links":{"self":[{"href":"https:\/\/philiboul.fr\/index.php\/wp-json\/wp\/v2\/pages\/702","targetHints":{"allow":["GET"]}}],"collection":[{"href":"https:\/\/philiboul.fr\/index.php\/wp-json\/wp\/v2\/pages"}],"about":[{"href":"https:\/\/philiboul.fr\/index.php\/wp-json\/wp\/v2\/types\/page"}],"author":[{"embeddable":true,"href":"https:\/\/philiboul.fr\/index.php\/wp-json\/wp\/v2\/users\/2"}],"replies":[{"embeddable":true,"href":"https:\/\/philiboul.fr\/index.php\/wp-json\/wp\/v2\/comments?post=702"}],"version-history":[{"count":6,"href":"https:\/\/philiboul.fr\/index.php\/wp-json\/wp\/v2\/pages\/702\/revisions"}],"predecessor-version":[{"id":1413,"href":"https:\/\/philiboul.fr\/index.php\/wp-json\/wp\/v2\/pages\/702\/revisions\/1413"}],"wp:attachment":[{"href":"https:\/\/philiboul.fr\/index.php\/wp-json\/wp\/v2\/media?parent=702"}],"curies":[{"name":"wp","href":"https:\/\/api.w.org\/{rel}","templated":true}]}}