{"id":705,"date":"2020-02-20T12:24:09","date_gmt":"2020-02-20T12:24:09","guid":{"rendered":"https:\/\/philiboul.fr\/?page_id=705"},"modified":"2020-03-09T09:41:34","modified_gmt":"2020-03-09T09:41:34","slug":"tdf","status":"publish","type":"page","link":"https:\/\/philiboul.fr\/index.php\/tdf\/","title":{"rendered":"# TDF"},"content":{"rendered":"<p>[et_pb_section fb_built=\u00a0\u00bb1&Prime; specialty=\u00a0\u00bbon\u00a0\u00bb padding_top_bottom_link_1=\u00a0\u00bbfalse\u00a0\u00bb padding_top_bottom_link_2=\u00a0\u00bbfalse\u00a0\u00bb padding_left_right_link_1=\u00a0\u00bbfalse\u00a0\u00bb padding_left_right_link_2=\u00a0\u00bbfalse\u00a0\u00bb padding_top_2=\u00a0\u00bb0px\u00a0\u00bb _builder_version=\u00a0\u00bb4.3.2&Prime; custom_padding=\u00a0\u00bb0px||||false|false\u00a0\u00bb][et_pb_column type=\u00a0\u00bb1_2&Prime; _builder_version=\u00a0\u00bb3.25&Prime; custom_padding=\u00a0\u00bb|||\u00a0\u00bb custom_padding__hover=\u00a0\u00bb|||\u00a0\u00bb][et_pb_text _builder_version=\u00a0\u00bb4.3.4&Prime; header_font_size=\u00a0\u00bb61px\u00a0\u00bb hover_enabled=\u00a0\u00bb0&Prime;]<\/p>\n<h1><img loading=\"lazy\" decoding=\"async\" src=\"https:\/\/philiboul.fr\/wp-content\/uploads\/2020\/02\/TDF-philiboul-CAS-7-carre-300x300.jpg\" alt=\"\" class=\"wp-image-308 alignnone size-medium\" width=\"212\" height=\"212\" \/><\/h1>\n<h1>TDF<\/h1>\n<p>&nbsp;<\/p>\n<p>[\/et_pb_text][et_pb_divider divider_weight=\u00a0\u00bb4px\u00a0\u00bb _builder_version=\u00a0\u00bb4.3.4&Prime; hover_enabled=\u00a0\u00bb0&Prime; color=\u00a0\u00bb#000000&Prime;][\/et_pb_divider][et_pb_text _builder_version=\u00a0\u00bb4.3.2&Prime; text_font=\u00a0\u00bbArial|800||on|||||\u00a0\u00bb text_text_color=\u00a0\u00bb#000000&Prime; text_font_size=\u00a0\u00bb47px\u00a0\u00bb text_line_height=\u00a0\u00bb1em\u00a0\u00bb header_font_size=\u00a0\u00bb26px\u00a0\u00bb width=\u00a0\u00bb77%\u00a0\u00bb min_height=\u00a0\u00bb100px\u00a0\u00bb custom_margin=\u00a0\u00bb||||false|false\u00a0\u00bb text_font_size_tablet=\u00a0\u00bb\u00a0\u00bb text_font_size_phone=\u00a0\u00bb25px\u00a0\u00bb text_font_size_last_edited=\u00a0\u00bbon|desktop\u00a0\u00bb]<\/p>\n<p><b>30 ANS DE LA RADIO &#8211; soir\u00e9e anniversaire<br \/> <\/b><\/p>\n<p>[\/et_pb_text][et_pb_text _builder_version=\u00a0\u00bb4.3.2&Prime; text_font=\u00a0\u00bbActor||||||||\u00a0\u00bb text_text_color=\u00a0\u00bb#c80637&Prime; text_font_size=\u00a0\u00bb27px\u00a0\u00bb text_font_size_tablet=\u00a0\u00bb\u00a0\u00bb text_font_size_phone=\u00a0\u00bb18px\u00a0\u00bb text_font_size_last_edited=\u00a0\u00bbon|desktop\u00a0\u00bb]<\/p>\n<p>\u00a0500 Guests<\/p>\n<p>[\/et_pb_text][et_pb_divider _builder_version=\u00a0\u00bb4.3.4&Prime; hover_enabled=\u00a0\u00bb0&Prime; color=\u00a0\u00bb#000000&Prime;][\/et_pb_divider][et_pb_text _builder_version=\u00a0\u00bb4.3.2&Prime; text_font=\u00a0\u00bbActor||||||||\u00a0\u00bb text_text_color=\u00a0\u00bb#000000&Prime; text_font_size=\u00a0\u00bb18px\u00a0\u00bb width=\u00a0\u00bb75%\u00a0\u00bb]<\/p>\n<h2><b>KEYWORKS<\/b><\/h2>\n<p><strong>Cr\u00e9ation<\/strong> d\u2019une structure \u00e9ph\u00e9m\u00e8re adoss\u00e9e au Batofar symbole du d\u00e9marrage des radios pirates.<\/p>\n<p><strong>Gestion des RP<\/strong>, pour favoriser la venue d\u2019invit\u00e9s m\u00e9diatiques, VIP et leader d\u2019opinions.<\/p>\n<p><strong>Gestion \u00e9ditoriale<\/strong> de la radio\u00a0 \u00ab\u00a0We love radio\u00a0\u00bb o\u00f9 personnalit\u00e9s, chroniqueurs se sont r\u00e9unis pour l\u2019occasion.<\/p>\n<p><strong>D\u00e9clinaison<\/strong>, espace d\u2019exposition, animations \u00ab\u00a0phares\u00a0\u00bb, livre collector 30 ans de radio.<\/p>\n<p>[\/et_pb_text][et_pb_image src=\u00a0\u00bbhttps:\/\/philiboul.fr\/wp-content\/uploads\/2020\/02\/TDF-philiboul-web-5.jpg\u00a0\u00bb show_in_lightbox=\u00a0\u00bbon\u00a0\u00bb _builder_version=\u00a0\u00bb4.3.2&Prime; width=\u00a0\u00bb100%\u00a0\u00bb custom_margin=\u00a0\u00bb||||false|false\u00a0\u00bb box_shadow_style=\u00a0\u00bbpreset1&Prime;][\/et_pb_image][et_pb_image src=\u00a0\u00bbhttps:\/\/philiboul.fr\/wp-content\/uploads\/2020\/02\/TDF-philiboul-web-6.jpg\u00a0\u00bb show_in_lightbox=\u00a0\u00bbon\u00a0\u00bb _builder_version=\u00a0\u00bb4.3.2&Prime; width=\u00a0\u00bb100%\u00a0\u00bb custom_margin=\u00a0\u00bb||||false|false\u00a0\u00bb box_shadow_style=\u00a0\u00bbpreset1&Prime;][\/et_pb_image][et_pb_image src=\u00a0\u00bbhttps:\/\/philiboul.fr\/wp-content\/uploads\/2020\/03\/TDF-philiboul-web-10.jpg\u00a0\u00bb _builder_version=\u00a0\u00bb4.3.4&Prime;][\/et_pb_image][\/et_pb_column][et_pb_column type=\u00a0\u00bb1_2&Prime; specialty_columns=\u00a0\u00bb2&Prime; _builder_version=\u00a0\u00bb3.25&Prime; custom_padding=\u00a0\u00bb|||\u00a0\u00bb custom_padding__hover=\u00a0\u00bb|||\u00a0\u00bb][et_pb_row_inner _builder_version=\u00a0\u00bb4.2.2&Prime;][et_pb_column_inner saved_specialty_column_type=\u00a0\u00bb1_2&Prime; _builder_version=\u00a0\u00bb4.2.2&Prime;][et_pb_image src=\u00a0\u00bbhttps:\/\/philiboul.fr\/wp-content\/uploads\/2020\/02\/fleche-rouge-bas.jpg\u00a0\u00bb _builder_version=\u00a0\u00bb4.3.2&Prime; width=\u00a0\u00bb17%\u00a0\u00bb][\/et_pb_image][\/et_pb_column_inner][\/et_pb_row_inner][et_pb_row_inner _builder_version=\u00a0\u00bb4.3.2&Prime; animation_style=\u00a0\u00bbslide\u00a0\u00bb animation_duration=\u00a0\u00bb1800ms\u00a0\u00bb animation_intensity_slide=\u00a0\u00bb15%\u00a0\u00bb][et_pb_column_inner saved_specialty_column_type=\u00a0\u00bb1_2&Prime; _builder_version=\u00a0\u00bb4.2.2&Prime;][et_pb_image src=\u00a0\u00bbhttps:\/\/philiboul.fr\/wp-content\/uploads\/2020\/02\/TDF-philiboul-web-4.jpg\u00a0\u00bb show_in_lightbox=\u00a0\u00bbon\u00a0\u00bb _builder_version=\u00a0\u00bb4.3.2&Prime; box_shadow_style=\u00a0\u00bbpreset1&Prime;][\/et_pb_image][\/et_pb_column_inner][\/et_pb_row_inner][et_pb_row_inner _builder_version=\u00a0\u00bb4.3.4&Prime; custom_margin=\u00a0\u00bb11%||||false|false\u00a0\u00bb hover_enabled=\u00a0\u00bb0&Prime;][et_pb_column_inner saved_specialty_column_type=\u00a0\u00bb1_2&Prime; _builder_version=\u00a0\u00bb4.3.2&Prime;][et_pb_audio audio=\u00a0\u00bbhttps:\/\/philiboul.fr\/wp-content\/uploads\/2020\/02\/WE_LOVERADIO_JINGLE4.mp3&Prime; title=\u00a0\u00bbWE LOVE RADIO\u00a0\u00bb artist_name=\u00a0\u00bbTDF\u00a0\u00bb _builder_version=\u00a0\u00bb4.3.4&Prime; caption_font=\u00a0\u00bbArial|300|||||||\u00a0\u00bb hover_enabled=\u00a0\u00bb0&Prime; box_shadow_style=\u00a0\u00bbpreset1&Prime; background_color=\u00a0\u00bb#c80637&Prime;][\/et_pb_audio][et_pb_image src=\u00a0\u00bbhttps:\/\/philiboul.fr\/wp-content\/uploads\/2020\/02\/TDF-philiboul-web-1.jpg\u00a0\u00bb show_in_lightbox=\u00a0\u00bbon\u00a0\u00bb _builder_version=\u00a0\u00bb4.3.2&Prime; box_shadow_style=\u00a0\u00bbpreset1&Prime;][\/et_pb_image][\/et_pb_column_inner][\/et_pb_row_inner][et_pb_row_inner column_structure=\u00a0\u00bb1_2,1_2&Prime; use_custom_gutter=\u00a0\u00bbon\u00a0\u00bb make_equal=\u00a0\u00bbon\u00a0\u00bb _builder_version=\u00a0\u00bb4.3.2&Prime; width=\u00a0\u00bb100%\u00a0\u00bb custom_margin=\u00a0\u00bb||||false|false\u00a0\u00bb custom_margin_tablet=\u00a0\u00bb\u00a0\u00bb custom_margin_phone=\u00a0\u00bb0%||||false|false\u00a0\u00bb custom_margin_last_edited=\u00a0\u00bbon|phone\u00a0\u00bb][et_pb_column_inner type=\u00a0\u00bb1_2&Prime; saved_specialty_column_type=\u00a0\u00bb1_2&Prime; _builder_version=\u00a0\u00bb4.2.2&Prime;][et_pb_image src=\u00a0\u00bbhttps:\/\/philiboul.fr\/wp-content\/uploads\/2020\/02\/TDF-philiboul-web-page-2.jpg\u00a0\u00bb show_in_lightbox=\u00a0\u00bbon\u00a0\u00bb _builder_version=\u00a0\u00bb4.3.2&Prime; box_shadow_style=\u00a0\u00bbpreset1&Prime;][\/et_pb_image][et_pb_image src=\u00a0\u00bbhttps:\/\/philiboul.fr\/wp-content\/uploads\/2020\/02\/TDF-philiboul-web-page-1.jpg\u00a0\u00bb show_in_lightbox=\u00a0\u00bbon\u00a0\u00bb _builder_version=\u00a0\u00bb4.3.2&Prime; custom_margin=\u00a0\u00bb10%||||false|false\u00a0\u00bb box_shadow_style=\u00a0\u00bbpreset1&Prime;][\/et_pb_image][et_pb_image src=\u00a0\u00bbhttps:\/\/philiboul.fr\/wp-content\/uploads\/2020\/02\/TDF-philiboul-web-2.jpg\u00a0\u00bb show_in_lightbox=\u00a0\u00bbon\u00a0\u00bb _builder_version=\u00a0\u00bb4.3.2&Prime; box_shadow_style=\u00a0\u00bbpreset1&Prime;][\/et_pb_image][\/et_pb_column_inner][et_pb_column_inner type=\u00a0\u00bb1_2&Prime; saved_specialty_column_type=\u00a0\u00bb1_2&Prime; _builder_version=\u00a0\u00bb4.2.2&Prime;][et_pb_image src=\u00a0\u00bbhttps:\/\/philiboul.fr\/wp-content\/uploads\/2020\/02\/TDF-philiboul-web-page-3.jpg\u00a0\u00bb show_in_lightbox=\u00a0\u00bbon\u00a0\u00bb _builder_version=\u00a0\u00bb4.3.4&Prime; box_shadow_style=\u00a0\u00bbpreset1&Prime;][\/et_pb_image][et_pb_image src=\u00a0\u00bbhttps:\/\/philiboul.fr\/wp-content\/uploads\/2020\/02\/TDF-philiboul-web-page-4.jpg\u00a0\u00bb show_in_lightbox=\u00a0\u00bbon\u00a0\u00bb _builder_version=\u00a0\u00bb4.3.2&Prime; custom_margin=\u00a0\u00bb10%||||false|false\u00a0\u00bb box_shadow_style=\u00a0\u00bbpreset1&Prime;][\/et_pb_image][et_pb_image src=\u00a0\u00bbhttps:\/\/philiboul.fr\/wp-content\/uploads\/2020\/02\/TDF-philiboul-web-3.jpg\u00a0\u00bb show_in_lightbox=\u00a0\u00bbon\u00a0\u00bb _builder_version=\u00a0\u00bb4.3.2&Prime; width=\u00a0\u00bb70%\u00a0\u00bb custom_margin=\u00a0\u00bb10%||||false|false\u00a0\u00bb box_shadow_style=\u00a0\u00bbpreset1&Prime;][\/et_pb_image][\/et_pb_column_inner][\/et_pb_row_inner][\/et_pb_column][\/et_pb_section]<\/p>\n","protected":false},"excerpt":{"rendered":"<p>TDF &nbsp; 30 ANS DE LA RADIO &#8211; soir\u00e9e anniversaire \u00a0500 GuestsKEYWORKS Cr\u00e9ation d\u2019une structure \u00e9ph\u00e9m\u00e8re adoss\u00e9e au Batofar symbole du d\u00e9marrage des radios pirates. Gestion des RP, pour favoriser la venue d\u2019invit\u00e9s m\u00e9diatiques, VIP et leader d\u2019opinions. Gestion \u00e9ditoriale de la radio\u00a0 \u00ab\u00a0We love radio\u00a0\u00bb o\u00f9 personnalit\u00e9s, chroniqueurs se sont r\u00e9unis pour l\u2019occasion. D\u00e9clinaison, [&hellip;]<\/p>\n","protected":false},"author":2,"featured_media":0,"parent":0,"menu_order":0,"comment_status":"closed","ping_status":"closed","template":"","meta":{"_et_pb_use_builder":"on","_et_pb_old_content":"","_et_gb_content_width":"","footnotes":""},"class_list":["post-705","page","type-page","status-publish","hentry"],"yoast_head":"<!-- This site is optimized with the Yoast SEO plugin v27.5 - https:\/\/yoast.com\/product\/yoast-seo-wordpress\/ -->\n<title># TDF - Philiboul<\/title>\n<meta name=\"robots\" content=\"index, follow, max-snippet:-1, max-image-preview:large, max-video-preview:-1\" \/>\n<link rel=\"canonical\" href=\"https:\/\/philiboul.fr\/index.php\/tdf\/\" \/>\n<meta property=\"og:locale\" content=\"fr_FR\" \/>\n<meta property=\"og:type\" content=\"article\" \/>\n<meta property=\"og:title\" content=\"# TDF - Philiboul\" \/>\n<meta property=\"og:description\" content=\"TDF &nbsp; 30 ANS DE LA RADIO - soir\u00e9e anniversaire \u00a0500 GuestsKEYWORKS Cr\u00e9ation d\u2019une structure \u00e9ph\u00e9m\u00e8re adoss\u00e9e au Batofar symbole du d\u00e9marrage des radios pirates. Gestion des RP, pour favoriser la venue d\u2019invit\u00e9s m\u00e9diatiques, VIP et leader d\u2019opinions. Gestion \u00e9ditoriale de la radio\u00a0 &quot;We love radio&quot; o\u00f9 personnalit\u00e9s, chroniqueurs se sont r\u00e9unis pour l\u2019occasion. D\u00e9clinaison, [&hellip;]\" \/>\n<meta property=\"og:url\" content=\"https:\/\/philiboul.fr\/index.php\/tdf\/\" \/>\n<meta property=\"og:site_name\" content=\"Philiboul\" \/>\n<meta property=\"article:modified_time\" content=\"2020-03-09T09:41:34+00:00\" \/>\n<meta property=\"og:image\" content=\"https:\/\/philiboul.fr\/wp-content\/uploads\/2020\/02\/TDF-philiboul-CAS-7-carre-300x300.jpg\" \/>\n<meta name=\"twitter:card\" content=\"summary_large_image\" \/>\n<meta name=\"twitter:label1\" content=\"Dur\u00e9e de lecture estim\u00e9e\" \/>\n\t<meta name=\"twitter:data1\" content=\"4 minutes\" \/>\n<script type=\"application\/ld+json\" class=\"yoast-schema-graph\">{\"@context\":\"https:\\\/\\\/schema.org\",\"@graph\":[{\"@type\":\"WebPage\",\"@id\":\"https:\\\/\\\/philiboul.fr\\\/index.php\\\/tdf\\\/\",\"url\":\"https:\\\/\\\/philiboul.fr\\\/index.php\\\/tdf\\\/\",\"name\":\"# TDF - Philiboul\",\"isPartOf\":{\"@id\":\"https:\\\/\\\/philiboul.fr\\\/#website\"},\"primaryImageOfPage\":{\"@id\":\"https:\\\/\\\/philiboul.fr\\\/index.php\\\/tdf\\\/#primaryimage\"},\"image\":{\"@id\":\"https:\\\/\\\/philiboul.fr\\\/index.php\\\/tdf\\\/#primaryimage\"},\"thumbnailUrl\":\"https:\\\/\\\/philiboul.fr\\\/wp-content\\\/uploads\\\/2020\\\/02\\\/TDF-philiboul-CAS-7-carre-300x300.jpg\",\"datePublished\":\"2020-02-20T12:24:09+00:00\",\"dateModified\":\"2020-03-09T09:41:34+00:00\",\"breadcrumb\":{\"@id\":\"https:\\\/\\\/philiboul.fr\\\/index.php\\\/tdf\\\/#breadcrumb\"},\"inLanguage\":\"fr-FR\",\"potentialAction\":[{\"@type\":\"ReadAction\",\"target\":[\"https:\\\/\\\/philiboul.fr\\\/index.php\\\/tdf\\\/\"]}]},{\"@type\":\"ImageObject\",\"inLanguage\":\"fr-FR\",\"@id\":\"https:\\\/\\\/philiboul.fr\\\/index.php\\\/tdf\\\/#primaryimage\",\"url\":\"https:\\\/\\\/philiboul.fr\\\/wp-content\\\/uploads\\\/2020\\\/02\\\/TDF-philiboul-CAS-7-carre.jpg\",\"contentUrl\":\"https:\\\/\\\/philiboul.fr\\\/wp-content\\\/uploads\\\/2020\\\/02\\\/TDF-philiboul-CAS-7-carre.jpg\",\"width\":595,\"height\":595},{\"@type\":\"BreadcrumbList\",\"@id\":\"https:\\\/\\\/philiboul.fr\\\/index.php\\\/tdf\\\/#breadcrumb\",\"itemListElement\":[{\"@type\":\"ListItem\",\"position\":1,\"name\":\"Home\",\"item\":\"https:\\\/\\\/philiboul.fr\\\/\"},{\"@type\":\"ListItem\",\"position\":2,\"name\":\"# TDF\"}]},{\"@type\":\"WebSite\",\"@id\":\"https:\\\/\\\/philiboul.fr\\\/#website\",\"url\":\"https:\\\/\\\/philiboul.fr\\\/\",\"name\":\"Philiboul\",\"description\":\"L&#039;agence qui ne perd pas la boule\",\"potentialAction\":[{\"@type\":\"SearchAction\",\"target\":{\"@type\":\"EntryPoint\",\"urlTemplate\":\"https:\\\/\\\/philiboul.fr\\\/?s={search_term_string}\"},\"query-input\":{\"@type\":\"PropertyValueSpecification\",\"valueRequired\":true,\"valueName\":\"search_term_string\"}}],\"inLanguage\":\"fr-FR\"}]}<\/script>\n<!-- \/ Yoast SEO plugin. -->","yoast_head_json":{"title":"# TDF - Philiboul","robots":{"index":"index","follow":"follow","max-snippet":"max-snippet:-1","max-image-preview":"max-image-preview:large","max-video-preview":"max-video-preview:-1"},"canonical":"https:\/\/philiboul.fr\/index.php\/tdf\/","og_locale":"fr_FR","og_type":"article","og_title":"# TDF - Philiboul","og_description":"TDF &nbsp; 30 ANS DE LA RADIO - soir\u00e9e anniversaire \u00a0500 GuestsKEYWORKS Cr\u00e9ation d\u2019une structure \u00e9ph\u00e9m\u00e8re adoss\u00e9e au Batofar symbole du d\u00e9marrage des radios pirates. Gestion des RP, pour favoriser la venue d\u2019invit\u00e9s m\u00e9diatiques, VIP et leader d\u2019opinions. Gestion \u00e9ditoriale de la radio\u00a0 \"We love radio\" o\u00f9 personnalit\u00e9s, chroniqueurs se sont r\u00e9unis pour l\u2019occasion. D\u00e9clinaison, [&hellip;]","og_url":"https:\/\/philiboul.fr\/index.php\/tdf\/","og_site_name":"Philiboul","article_modified_time":"2020-03-09T09:41:34+00:00","og_image":[{"url":"https:\/\/philiboul.fr\/wp-content\/uploads\/2020\/02\/TDF-philiboul-CAS-7-carre-300x300.jpg","type":"","width":"","height":""}],"twitter_card":"summary_large_image","twitter_misc":{"Dur\u00e9e de lecture estim\u00e9e":"4 minutes"},"schema":{"@context":"https:\/\/schema.org","@graph":[{"@type":"WebPage","@id":"https:\/\/philiboul.fr\/index.php\/tdf\/","url":"https:\/\/philiboul.fr\/index.php\/tdf\/","name":"# TDF - Philiboul","isPartOf":{"@id":"https:\/\/philiboul.fr\/#website"},"primaryImageOfPage":{"@id":"https:\/\/philiboul.fr\/index.php\/tdf\/#primaryimage"},"image":{"@id":"https:\/\/philiboul.fr\/index.php\/tdf\/#primaryimage"},"thumbnailUrl":"https:\/\/philiboul.fr\/wp-content\/uploads\/2020\/02\/TDF-philiboul-CAS-7-carre-300x300.jpg","datePublished":"2020-02-20T12:24:09+00:00","dateModified":"2020-03-09T09:41:34+00:00","breadcrumb":{"@id":"https:\/\/philiboul.fr\/index.php\/tdf\/#breadcrumb"},"inLanguage":"fr-FR","potentialAction":[{"@type":"ReadAction","target":["https:\/\/philiboul.fr\/index.php\/tdf\/"]}]},{"@type":"ImageObject","inLanguage":"fr-FR","@id":"https:\/\/philiboul.fr\/index.php\/tdf\/#primaryimage","url":"https:\/\/philiboul.fr\/wp-content\/uploads\/2020\/02\/TDF-philiboul-CAS-7-carre.jpg","contentUrl":"https:\/\/philiboul.fr\/wp-content\/uploads\/2020\/02\/TDF-philiboul-CAS-7-carre.jpg","width":595,"height":595},{"@type":"BreadcrumbList","@id":"https:\/\/philiboul.fr\/index.php\/tdf\/#breadcrumb","itemListElement":[{"@type":"ListItem","position":1,"name":"Home","item":"https:\/\/philiboul.fr\/"},{"@type":"ListItem","position":2,"name":"# TDF"}]},{"@type":"WebSite","@id":"https:\/\/philiboul.fr\/#website","url":"https:\/\/philiboul.fr\/","name":"Philiboul","description":"L&#039;agence qui ne perd pas la boule","potentialAction":[{"@type":"SearchAction","target":{"@type":"EntryPoint","urlTemplate":"https:\/\/philiboul.fr\/?s={search_term_string}"},"query-input":{"@type":"PropertyValueSpecification","valueRequired":true,"valueName":"search_term_string"}}],"inLanguage":"fr-FR"}]}},"_links":{"self":[{"href":"https:\/\/philiboul.fr\/index.php\/wp-json\/wp\/v2\/pages\/705","targetHints":{"allow":["GET"]}}],"collection":[{"href":"https:\/\/philiboul.fr\/index.php\/wp-json\/wp\/v2\/pages"}],"about":[{"href":"https:\/\/philiboul.fr\/index.php\/wp-json\/wp\/v2\/types\/page"}],"author":[{"embeddable":true,"href":"https:\/\/philiboul.fr\/index.php\/wp-json\/wp\/v2\/users\/2"}],"replies":[{"embeddable":true,"href":"https:\/\/philiboul.fr\/index.php\/wp-json\/wp\/v2\/comments?post=705"}],"version-history":[{"count":8,"href":"https:\/\/philiboul.fr\/index.php\/wp-json\/wp\/v2\/pages\/705\/revisions"}],"predecessor-version":[{"id":1411,"href":"https:\/\/philiboul.fr\/index.php\/wp-json\/wp\/v2\/pages\/705\/revisions\/1411"}],"wp:attachment":[{"href":"https:\/\/philiboul.fr\/index.php\/wp-json\/wp\/v2\/media?parent=705"}],"curies":[{"name":"wp","href":"https:\/\/api.w.org\/{rel}","templated":true}]}}